{"id":1079,"date":"2023-03-08T14:07:13","date_gmt":"2023-03-08T13:07:13","guid":{"rendered":"http:\/\/spc.msspctu.cz\/wordpress\/?page_id=1079"},"modified":"2024-11-04T10:23:36","modified_gmt":"2024-11-04T09:23:36","slug":"dalsi-sluzby","status":"publish","type":"page","link":"http:\/\/spc.msspctu.cz\/wordpress\/dalsi-sluzby\/","title":{"rendered":"Dal\u0161\u00ed slu\u017eby"},"content":{"rendered":"\n<ul><li><a href=\"http:\/\/spc.msspctu.cz\/wordpress\/rozvoj-socialnich-dovednosti\/\">Krou\u017eek soci\u00e1ln\u00edch a komunika\u010dn\u00edch dovednost\u00ed pro d\u011bti s\u00a0PAS<\/a><\/li><li><a href=\"http:\/\/spc.msspctu.cz\/wordpress\/reedukacni-cinnosti\/\">Individu\u00e1ln\u00ed reeduka\u010dn\u00ed \u010dinnosti pro p\u0159ed\u0161kol\u00e1ky<\/a><\/li><li><a href=\"http:\/\/spc.msspctu.cz\/wordpress\/reedukacni-cinnosti\/\">Individu\u00e1ln\u00ed reeduka\u010dn\u00ed \u010dinnosti ur\u010den\u00e9 k rozvoji dovednost\u00ed u d\u011bt\u00ed s PAS, ment\u00e1ln\u00edm posti\u017een\u00edm a \u0159e\u010dov\u00fdmi obt\u00ed\u017eemi<\/a><\/li><\/ul>\n\n\n\n<p><\/p>\n","protected":false},"excerpt":{"rendered":"<p>Krou\u017eek soci\u00e1ln\u00edch a komunika\u010dn\u00edch dovednost\u00ed pro d\u011bti s\u00a0PAS Individu\u00e1ln\u00ed reeduka\u010dn\u00ed \u010dinnosti pro p\u0159ed\u0161kol\u00e1ky Individu\u00e1ln\u00ed reeduka\u010dn\u00ed \u010dinnosti ur\u010den\u00e9 k rozvoji dovednost\u00ed &hellip; <\/p>\n","protected":false},"author":1,"featured_media":0,"parent":0,"menu_order":0,"comment_status":"closed","ping_status":"closed","template":"","meta":{"_jet_sm_ready_style":"","_jet_sm_style":"","_jet_sm_controls_values":"","_jet_sm_fonts_collection":"","_jet_sm_fonts_links":""},"_links":{"self":[{"href":"http:\/\/spc.msspctu.cz\/wordpress\/wp-json\/wp\/v2\/pages\/1079"}],"collection":[{"href":"http:\/\/spc.msspctu.cz\/wordpress\/wp-json\/wp\/v2\/pages"}],"about":[{"href":"http:\/\/spc.msspctu.cz\/wordpress\/wp-json\/wp\/v2\/types\/page"}],"author":[{"embeddable":true,"href":"http:\/\/spc.msspctu.cz\/wordpress\/wp-json\/wp\/v2\/users\/1"}],"replies":[{"embeddable":true,"href":"http:\/\/spc.msspctu.cz\/wordpress\/wp-json\/wp\/v2\/comments?post=1079"}],"version-history":[{"count":10,"href":"http:\/\/spc.msspctu.cz\/wordpress\/wp-json\/wp\/v2\/pages\/1079\/revisions"}],"predecessor-version":[{"id":1334,"href":"http:\/\/spc.msspctu.cz\/wordpress\/wp-json\/wp\/v2\/pages\/1079\/revisions\/1334"}],"wp:attachment":[{"href":"http:\/\/spc.msspctu.cz\/wordpress\/wp-json\/wp\/v2\/media?parent=1079"}],"curies":[{"name":"wp","href":"https:\/\/api.w.org\/{rel}","templated":true}]}}