{"id":1091,"date":"2023-03-08T14:14:33","date_gmt":"2023-03-08T13:14:33","guid":{"rendered":"http:\/\/spc.msspctu.cz\/wordpress\/?page_id=1091"},"modified":"2024-11-04T10:25:10","modified_gmt":"2024-11-04T09:25:10","slug":"trenink-jazykovych-schopnosti","status":"publish","type":"page","link":"http:\/\/spc.msspctu.cz\/wordpress\/trenink-jazykovych-schopnosti\/","title":{"rendered":"Tr\u00e9nink jazykov\u00fdch schopnost\u00ed"},"content":{"rendered":"\n<p>V sou\u010dasn\u00e9 dob\u011b tr\u00e9nink jazykov\u00fdch schopnost\u00ed dle D. B. Elkonina neposkytujeme. D\u011bkujeme za pochopen\u00ed. <\/p>\n","protected":false},"excerpt":{"rendered":"<p>V sou\u010dasn\u00e9 dob\u011b tr\u00e9nink jazykov\u00fdch schopnost\u00ed dle D. B. Elkonina neposkytujeme. D\u011bkujeme za pochopen\u00ed.<\/p>\n","protected":false},"author":1,"featured_media":0,"parent":0,"menu_order":0,"comment_status":"closed","ping_status":"closed","template":"","meta":{"_jet_sm_ready_style":"","_jet_sm_style":"","_jet_sm_controls_values":"","_jet_sm_fonts_collection":"","_jet_sm_fonts_links":""},"_links":{"self":[{"href":"http:\/\/spc.msspctu.cz\/wordpress\/wp-json\/wp\/v2\/pages\/1091"}],"collection":[{"href":"http:\/\/spc.msspctu.cz\/wordpress\/wp-json\/wp\/v2\/pages"}],"about":[{"href":"http:\/\/spc.msspctu.cz\/wordpress\/wp-json\/wp\/v2\/types\/page"}],"author":[{"embeddable":true,"href":"http:\/\/spc.msspctu.cz\/wordpress\/wp-json\/wp\/v2\/users\/1"}],"replies":[{"embeddable":true,"href":"http:\/\/spc.msspctu.cz\/wordpress\/wp-json\/wp\/v2\/comments?post=1091"}],"version-history":[{"count":9,"href":"http:\/\/spc.msspctu.cz\/wordpress\/wp-json\/wp\/v2\/pages\/1091\/revisions"}],"predecessor-version":[{"id":1336,"href":"http:\/\/spc.msspctu.cz\/wordpress\/wp-json\/wp\/v2\/pages\/1091\/revisions\/1336"}],"wp:attachment":[{"href":"http:\/\/spc.msspctu.cz\/wordpress\/wp-json\/wp\/v2\/media?parent=1091"}],"curies":[{"name":"wp","href":"https:\/\/api.w.org\/{rel}","templated":true}]}}