{"id":1149,"date":"2023-03-08T15:05:11","date_gmt":"2023-03-08T14:05:11","guid":{"rendered":"http:\/\/spc.msspctu.cz\/wordpress\/?page_id=1149"},"modified":"2024-10-15T10:38:15","modified_gmt":"2024-10-15T08:38:15","slug":"reedukacni-cinnosti","status":"publish","type":"page","link":"http:\/\/spc.msspctu.cz\/wordpress\/reedukacni-cinnosti\/","title":{"rendered":"Reeduka\u010dn\u00ed \u010dinnosti"},"content":{"rendered":"\n<p class=\"has-text-align-center\"><strong>Individu\u00e1ln\u00ed reeduka\u010dn\u00ed \u010dinnosti <\/strong><\/p>\n\n\n\n<p class=\"has-text-align-center\">Pom\u00e1h\u00e1me d\u011btem utv\u00e1\u0159et dovednosti d\u016fle\u017eit\u00e9 pro jejich fungov\u00e1n\u00ed v&nbsp;b\u011b\u017en\u00e9m \u017eivot\u011b \u010di ve \u0161koln\u00edm prost\u0159ed\u00ed. Nab\u00edzen\u00fdmi \u010dinnostmi motivujeme d\u00edt\u011b tak, aby se aktivn\u011b rozv\u00edjelo ve v\u0161ech oblastech \u017eivota. Na\u0161im klient\u016fm nab\u00edz\u00edme <strong>mo\u017enost individu\u00e1ln\u00edch reeduka\u010dn\u00edch \u010dinnost\u00ed<\/strong>. V\u017edy po individu\u00e1ln\u00ed dohod\u011b.<\/p>\n\n\n\n<p class=\"has-text-align-center\"><strong>Kontakty:<\/strong> Mgr. \u0160\u00e1rka Folcov\u00e1 &#8211; 731 582 533, folcova@msspctu.cz, Bc. Martina \u017devairovsk\u00e1 &#8211; 702 164 560<\/p>\n\n\n\n<p><span class=\"has-inline-color has-white-color\">jjj<\/span><\/p>\n\n\n\n<p><strong>1) ROZVOJ DOVEDNOST\u00cd U D\u011aT\u00cd S&nbsp;PAS<\/strong><\/p>\n\n\n\n<p>Pro d\u011bti s&nbsp;poruchou autistick\u00e9ho spektra a jejich rodi\u010de nab\u00edz\u00edme:<\/p>\n\n\n\n<ul><li>Alternativn\u00ed komunikace VOKS<\/li><li>N\u00e1cvik pou\u017eit\u00ed vizualizovan\u00e9ho a strukturovan\u00e9ho programu<\/li><li>N\u00e1cvnik soci\u00e1ln\u00edch dovednost\u00ed<\/li><li>Tvorba odm\u011b\u0148ov\u00e9ho syst\u00e9mu<\/li><li>Individu\u00e1ln\u00ed konzultace<\/li><\/ul>\n\n\n\n<p><strong>2) P\u0158\u00cdPRAVA P\u0158ED\u0160KOL\u00c1KA<\/strong><\/p>\n\n\n\n<p>Pro d\u011bti v&nbsp;p\u0159ed\u0161koln\u00edm v\u011bku nab\u00edz\u00edme podporu rozvoje v&nbsp;oblastech:<\/p>\n\n\n\n<ul><li>Grafomotorika<\/li><li>P\u0159edmatematick\u00e9 dovednosti<\/li><li>P\u0159ed\u010dten\u00e1\u0159sk\u00e9 dovednosti<\/li><li>Individu\u00e1ln\u00ed konzultace<\/li><\/ul>\n\n\n\n<p><strong>3) ROZVOJ VE V\u0160ECH OBLASTECH JAZYKA<\/strong><\/p>\n\n\n\n<figure class=\"wp-block-image\"><img alt=\"\"\/><\/figure>\n","protected":false},"excerpt":{"rendered":"<p>Individu\u00e1ln\u00ed reeduka\u010dn\u00ed \u010dinnosti Pom\u00e1h\u00e1me d\u011btem utv\u00e1\u0159et dovednosti d\u016fle\u017eit\u00e9 pro jejich fungov\u00e1n\u00ed v&nbsp;b\u011b\u017en\u00e9m \u017eivot\u011b \u010di ve \u0161koln\u00edm prost\u0159ed\u00ed. Nab\u00edzen\u00fdmi \u010dinnostmi motivujeme &hellip; <\/p>\n","protected":false},"author":1,"featured_media":0,"parent":0,"menu_order":0,"comment_status":"closed","ping_status":"closed","template":"","meta":{"_jet_sm_ready_style":"","_jet_sm_style":"","_jet_sm_controls_values":"","_jet_sm_fonts_collection":"","_jet_sm_fonts_links":""},"_links":{"self":[{"href":"http:\/\/spc.msspctu.cz\/wordpress\/wp-json\/wp\/v2\/pages\/1149"}],"collection":[{"href":"http:\/\/spc.msspctu.cz\/wordpress\/wp-json\/wp\/v2\/pages"}],"about":[{"href":"http:\/\/spc.msspctu.cz\/wordpress\/wp-json\/wp\/v2\/types\/page"}],"author":[{"embeddable":true,"href":"http:\/\/spc.msspctu.cz\/wordpress\/wp-json\/wp\/v2\/users\/1"}],"replies":[{"embeddable":true,"href":"http:\/\/spc.msspctu.cz\/wordpress\/wp-json\/wp\/v2\/comments?post=1149"}],"version-history":[{"count":8,"href":"http:\/\/spc.msspctu.cz\/wordpress\/wp-json\/wp\/v2\/pages\/1149\/revisions"}],"predecessor-version":[{"id":1329,"href":"http:\/\/spc.msspctu.cz\/wordpress\/wp-json\/wp\/v2\/pages\/1149\/revisions\/1329"}],"wp:attachment":[{"href":"http:\/\/spc.msspctu.cz\/wordpress\/wp-json\/wp\/v2\/media?parent=1149"}],"curies":[{"name":"wp","href":"https:\/\/api.w.org\/{rel}","templated":true}]}}