{"id":137,"date":"2021-02-06T18:14:04","date_gmt":"2021-02-06T17:14:04","guid":{"rendered":"http:\/\/192.168.1.240\/wordpress\/?page_id=137"},"modified":"2022-10-12T11:22:29","modified_gmt":"2022-10-12T09:22:29","slug":"o-nas-2","status":"publish","type":"page","link":"http:\/\/spc.msspctu.cz\/wordpress\/o-nas-2\/","title":{"rendered":"O n\u00e1s"},"content":{"rendered":"\n<div class=\"wp-block-image\"><figure class=\"aligncenter size-large is-resized\"><img loading=\"lazy\" src=\"http:\/\/msstruha.hdinternet.cz\/wordpress\/wp-content\/uploads\/2021\/11\/Scan10002-3-2-1024x672.jpg\" alt=\"\" class=\"wp-image-624\" width=\"482\" height=\"316\" srcset=\"http:\/\/spc.msspctu.cz\/wordpress\/wp-content\/uploads\/2021\/11\/Scan10002-3-2-1024x672.jpg 1024w, http:\/\/spc.msspctu.cz\/wordpress\/wp-content\/uploads\/2021\/11\/Scan10002-3-2-300x197.jpg 300w, http:\/\/spc.msspctu.cz\/wordpress\/wp-content\/uploads\/2021\/11\/Scan10002-3-2-768x504.jpg 768w, http:\/\/spc.msspctu.cz\/wordpress\/wp-content\/uploads\/2021\/11\/Scan10002-3-2-1536x1008.jpg 1536w, http:\/\/spc.msspctu.cz\/wordpress\/wp-content\/uploads\/2021\/11\/Scan10002-3-2.jpg 1560w\" sizes=\"(max-width: 482px) 100vw, 482px\" \/><\/figure><\/div>\n\n\n\n<p><span class=\"has-inline-color has-white-color\">Mezera<\/span><\/p>\n\n\n\n<p class=\"has-text-align-center\">Jsme \u0161kolsk\u00e9 poradensk\u00e9 za\u0159\u00edzen\u00ed z\u0159\u00edzen\u00e9 p\u0159i <a rel=\"noreferrer noopener\" href=\"http:\/\/www.msspctu.cz\/mss\/\" target=\"_blank\">Mate\u0159sk\u00e9 \u0161kole, Trutnov, Na Struze 124<\/a>. Na\u0161e slu\u017eby jsou ur\u010deny pro d\u011bti a \u017e\u00e1ky s\u00a0ment\u00e1ln\u00edm posti\u017een\u00edm, poruchami autistick\u00e9ho spektra a z\u00e1va\u017en\u00fdmi vadami \u0159e\u010di. T\u011bmto d\u011btem a jejich z\u00e1konn\u00fdm z\u00e1stupc\u016fm poskytujeme <strong>poradensk\u00e9 slu\u017eby<\/strong> zam\u011b\u0159en\u00e9 p\u0159edev\u0161\u00edm na <strong>speci\u00e1ln\u011b pedagogickou<\/strong> \u010di <strong>psychologickou diagnostiku<\/strong> a intervenci. Jsme tu tak\u00e9 pro <strong>\u0161koly<\/strong> a <strong>\u0161kolsk\u00e1 za\u0159\u00edzen\u00ed <\/strong>na\u0161ich klient\u016f. Slu\u017eby jsou poskytov\u00e1ny <strong>bezplatn\u011b<\/strong> na z\u00e1klad\u011b \u017e\u00e1dosti z\u00e1konn\u00fdch z\u00e1stupc\u016f.<\/p>\n\n\n\n<div class=\"wp-block-file aligncenter\"><a href=\"http:\/\/spc.msspctu.cz\/wordpress\/wp-content\/uploads\/2022\/07\/specialne_pedagogicke_centrum.pptx\">Prezentace SPC Trutnov<\/a><a href=\"http:\/\/spc.msspctu.cz\/wordpress\/wp-content\/uploads\/2022\/07\/specialne_pedagogicke_centrum.pptx\" class=\"wp-block-file__button\" download>St\u00e1hnout<\/a><\/div>\n","protected":false},"excerpt":{"rendered":"<p>Mezera Jsme \u0161kolsk\u00e9 poradensk\u00e9 za\u0159\u00edzen\u00ed z\u0159\u00edzen\u00e9 p\u0159i Mate\u0159sk\u00e9 \u0161kole, Trutnov, Na Struze 124. Na\u0161e slu\u017eby jsou ur\u010deny pro d\u011bti a &hellip; <\/p>\n","protected":false},"author":1,"featured_media":0,"parent":0,"menu_order":0,"comment_status":"closed","ping_status":"closed","template":"","meta":{"_jet_sm_ready_style":"","_jet_sm_style":"","_jet_sm_controls_values":"","_jet_sm_fonts_collection":"","_jet_sm_fonts_links":""},"_links":{"self":[{"href":"http:\/\/spc.msspctu.cz\/wordpress\/wp-json\/wp\/v2\/pages\/137"}],"collection":[{"href":"http:\/\/spc.msspctu.cz\/wordpress\/wp-json\/wp\/v2\/pages"}],"about":[{"href":"http:\/\/spc.msspctu.cz\/wordpress\/wp-json\/wp\/v2\/types\/page"}],"author":[{"embeddable":true,"href":"http:\/\/spc.msspctu.cz\/wordpress\/wp-json\/wp\/v2\/users\/1"}],"replies":[{"embeddable":true,"href":"http:\/\/spc.msspctu.cz\/wordpress\/wp-json\/wp\/v2\/comments?post=137"}],"version-history":[{"count":28,"href":"http:\/\/spc.msspctu.cz\/wordpress\/wp-json\/wp\/v2\/pages\/137\/revisions"}],"predecessor-version":[{"id":862,"href":"http:\/\/spc.msspctu.cz\/wordpress\/wp-json\/wp\/v2\/pages\/137\/revisions\/862"}],"wp:attachment":[{"href":"http:\/\/spc.msspctu.cz\/wordpress\/wp-json\/wp\/v2\/media?parent=137"}],"curies":[{"name":"wp","href":"https:\/\/api.w.org\/{rel}","templated":true}]}}