{"id":139,"date":"2021-02-06T18:14:04","date_gmt":"2021-02-06T17:14:04","guid":{"rendered":"http:\/\/192.168.1.240\/wordpress\/?page_id=139"},"modified":"2023-03-09T08:40:07","modified_gmt":"2023-03-09T07:40:07","slug":"nase-sluzby","status":"publish","type":"page","link":"http:\/\/spc.msspctu.cz\/wordpress\/nase-sluzby\/","title":{"rendered":"Na\u0161e slu\u017eby"},"content":{"rendered":"\n<div class=\"wp-block-image\"><figure class=\"aligncenter size-large is-resized\"><img loading=\"lazy\" src=\"http:\/\/192.168.1.240\/wordpress\/wp-content\/uploads\/2021\/11\/IMG_0003-1024x531.jpg\" alt=\"\" class=\"wp-image-425\" width=\"567\" height=\"294\" srcset=\"http:\/\/spc.msspctu.cz\/wordpress\/wp-content\/uploads\/2021\/11\/IMG_0003-1024x531.jpg 1024w, http:\/\/spc.msspctu.cz\/wordpress\/wp-content\/uploads\/2021\/11\/IMG_0003-300x156.jpg 300w, http:\/\/spc.msspctu.cz\/wordpress\/wp-content\/uploads\/2021\/11\/IMG_0003-768x398.jpg 768w, http:\/\/spc.msspctu.cz\/wordpress\/wp-content\/uploads\/2021\/11\/IMG_0003-1536x797.jpg 1536w, http:\/\/spc.msspctu.cz\/wordpress\/wp-content\/uploads\/2021\/11\/IMG_0003-2048x1063.jpg 2048w\" sizes=\"(max-width: 567px) 100vw, 567px\" \/><\/figure><\/div>\n\n\n\n<p><span class=\"has-inline-color has-white-color\">Mezera<\/span><\/p>\n\n\n\n<p class=\"has-text-align-center\"><strong>D\u011btem, \u017e\u00e1k\u016fm i dosp\u011bl\u00fdm v r\u00e1mci jejich vzd\u011bl\u00e1v\u00e1n\u00ed poskytujeme:<\/strong><\/p>\n\n\n\n<ul><li>Nastaven\u00ed podp\u016frn\u00fdch opat\u0159en\u00ed do v\u00fduky <\/li><li>Vy\u0161et\u0159en\u00ed pro za\u0159azen\u00ed do speci\u00e1ln\u00edch t\u0159\u00edd a \u0161kol <\/li><li>Poradenstv\u00ed pro \u0161koly, \u0161kolsk\u00e1 za\u0159\u00edzen\u00ed a jin\u00e9 odborn\u00e9 pracovn\u00edky<\/li><li>Poradenstv\u00ed a konzultace pro rodi\u010de<\/li><li>Z\u00e1kladn\u00ed a odborn\u00e9 soci\u00e1ln\u00ed poradenstv\u00ed<\/li><li>\u00dapravu podm\u00ednek z\u00e1v\u011bre\u010dn\u00fdch zkou\u0161ek<\/li><li>\u00dapravu podm\u00ednek p\u0159ij\u00edmac\u00edho \u0159\u00edzen\u00ed<\/li><li>Vy\u0161et\u0159en\u00ed \u0161koln\u00ed zralosti<\/li><li>Vyhled\u00e1v\u00e1n\u00ed \u017e\u00e1k\u016f se speci\u00e1ln\u00edmi vzd\u011bl\u00e1vac\u00edmi pot\u0159ebami (depist\u00e1\u017ee)<\/li><li>Pr\u00e1ce s t\u0159\u00eddn\u00edmi kolektivy<\/li><li>P\u0159edn\u00e1\u0161kov\u00e1 \u010dinnost pro odbornou i laickou ve\u0159ejnost<\/li><\/ul>\n","protected":false},"excerpt":{"rendered":"<p>Mezera D\u011btem, \u017e\u00e1k\u016fm i dosp\u011bl\u00fdm v r\u00e1mci jejich vzd\u011bl\u00e1v\u00e1n\u00ed poskytujeme: Nastaven\u00ed podp\u016frn\u00fdch opat\u0159en\u00ed do v\u00fduky Vy\u0161et\u0159en\u00ed pro za\u0159azen\u00ed do speci\u00e1ln\u00edch &hellip; <\/p>\n","protected":false},"author":1,"featured_media":0,"parent":0,"menu_order":0,"comment_status":"closed","ping_status":"closed","template":"","meta":{"_jet_sm_ready_style":"","_jet_sm_style":"","_jet_sm_controls_values":"","_jet_sm_fonts_collection":"","_jet_sm_fonts_links":""},"_links":{"self":[{"href":"http:\/\/spc.msspctu.cz\/wordpress\/wp-json\/wp\/v2\/pages\/139"}],"collection":[{"href":"http:\/\/spc.msspctu.cz\/wordpress\/wp-json\/wp\/v2\/pages"}],"about":[{"href":"http:\/\/spc.msspctu.cz\/wordpress\/wp-json\/wp\/v2\/types\/page"}],"author":[{"embeddable":true,"href":"http:\/\/spc.msspctu.cz\/wordpress\/wp-json\/wp\/v2\/users\/1"}],"replies":[{"embeddable":true,"href":"http:\/\/spc.msspctu.cz\/wordpress\/wp-json\/wp\/v2\/comments?post=139"}],"version-history":[{"count":23,"href":"http:\/\/spc.msspctu.cz\/wordpress\/wp-json\/wp\/v2\/pages\/139\/revisions"}],"predecessor-version":[{"id":1163,"href":"http:\/\/spc.msspctu.cz\/wordpress\/wp-json\/wp\/v2\/pages\/139\/revisions\/1163"}],"wp:attachment":[{"href":"http:\/\/spc.msspctu.cz\/wordpress\/wp-json\/wp\/v2\/media?parent=139"}],"curies":[{"name":"wp","href":"https:\/\/api.w.org\/{rel}","templated":true}]}}