{"id":34,"date":"2021-02-06T11:52:07","date_gmt":"2021-02-06T10:52:07","guid":{"rendered":"http:\/\/192.168.1.240\/wordpress\/?page_id=34"},"modified":"2026-03-24T12:08:43","modified_gmt":"2026-03-24T11:08:43","slug":"kontakty","status":"publish","type":"page","link":"http:\/\/spc.msspctu.cz\/wordpress\/kontakty\/","title":{"rendered":"Kontakty"},"content":{"rendered":"\n<p class=\"has-text-align-center\"><strong>Speci\u00e1ln\u011b pedagogick\u00e9 centrum (SPC)<br>L\u00edpov\u00e1 223, 541 01 Trutnov<\/strong><br><br> Datov\u00e1 schr\u00e1nka:    <strong>tvwgi6h<\/strong><br> E-mail:   <a href=\"mailto:spc.tu@centrum.cz\"><strong>spc.tu@centrum.cz<\/strong><\/a><\/p>\n\n\n\n<p class=\"has-text-align-center\">Provozn\u00ed doba SPC pro <strong><span class=\"has-inline-color has-vivid-cyan-blue-color\">objedn\u00e1vky a dotazy<\/span><\/strong> na tel. \u010d\u00edsle <span class=\"has-inline-color has-vivid-cyan-blue-color\"><strong>731 582 421<\/strong> <\/span>je omezen\u00e1. Nov\u011b n\u00e1m m\u016f\u017eete zavolat<span class=\"has-inline-color has-vivid-cyan-blue-color\"> <strong>ka\u017ed\u00fd pracovn\u00ed den v dob\u011b od 8.00 do 12.00<\/strong><\/span>. V odpoledn\u00edch hodin\u00e1ch telefonick\u00fd kontakt nen\u00ed mo\u017en\u00fd. D\u011bkujeme za pochopen\u00ed. \ud83d\ude42<\/p>\n\n\n\n<p class=\"has-text-align-center\"><span class=\"has-inline-color has-vivid-cyan-blue-color\"><strong>Pros\u00edme klienty, aby pro objedn\u00e1n\u00ed na vstupn\u00ed\/kontroln\u00ed vy\u0161et\u0159en\u00ed <strong>p\u0159ednostn\u011b vyu\u017e\u00edvali<\/strong><\/strong> <strong><a href=\"http:\/\/spc.msspctu.cz\/wordpress\/online-zadost-o-vysetreni-2\/\" data-type=\"URL\" data-id=\"http:\/\/spc.msspctu.cz\/wordpress\/online-zadost-o-vysetreni-2\/\">online formul\u00e1\u0159 k objedn\u00e1n\u00ed<\/a><\/strong>. Kontaktovat n\u00e1s tak\u00e9 m\u016f\u017eete emailem <a href=\"mailto:spc.tu@centrum.cz\"><strong>spc.tu@centrum.cz<\/strong><\/a>.<\/span><\/p>\n\n\n\n<p class=\"has-text-align-center\"><strong>Na vy\u0159\u00edzen\u00ed objedn\u00e1vky<\/strong> (term\u00ednu vy\u0161et\u0159en\u00ed) <strong>si SPC vyhrazuje pr\u00e1vo 3 m\u011bs\u00edce od \u017e\u00e1dosti o vy\u0161et\u0159en\u00ed<\/strong>. Va\u0161emu po\u017eadavku se v\u011bnujeme co nejd\u0159\u00edve, jak je to mo\u017en\u00e9.<\/p>\n\n\n\n<div class=\"wp-block-image\"><figure class=\"aligncenter size-large is-resized\"><img loading=\"lazy\" src=\"http:\/\/192.168.1.240\/wordpress\/wp-content\/uploads\/2021\/02\/telefon2.png\" alt=\"\" class=\"wp-image-201\" width=\"202\" height=\"198\" srcset=\"http:\/\/spc.msspctu.cz\/wordpress\/wp-content\/uploads\/2021\/02\/telefon2.png 736w, http:\/\/spc.msspctu.cz\/wordpress\/wp-content\/uploads\/2021\/02\/telefon2-300x293.png 300w, http:\/\/spc.msspctu.cz\/wordpress\/wp-content\/uploads\/2021\/02\/telefon2-70x70.png 70w\" sizes=\"(max-width: 202px) 100vw, 202px\" \/><\/figure><\/div>\n\n\n\n<div style=\"height:34px\" aria-hidden=\"true\" class=\"wp-block-spacer\"><\/div>\n\n\n\n<p class=\"has-text-align-center\"><strong>KONTAKTY NA PRACOVN\u00cdKY SPC<\/strong><\/p>\n\n\n\n<figure class=\"wp-block-table is-style-stripes\"><table><tbody><tr><td class=\"has-text-align-center\" data-align=\"center\"><\/td><td class=\"has-text-align-left\" data-align=\"left\">Funkce                               <\/td><td>Jm\u00e9no                                  <\/td><td>Telefon         <\/td><td class=\"has-text-align-left\" data-align=\"left\">E-mail<\/td><\/tr><tr><td class=\"has-text-align-center\" data-align=\"center\"><\/td><td class=\"has-text-align-left\" data-align=\"left\"><strong><span class=\"has-inline-color has-black-color\">OBJEDN\u00c1VKY A DOTAZY<\/span><\/strong><br><strong>Soci\u00e1ln\u00ed pracovnice<\/strong><br>Administrativn\u00ed pracovnice<\/td><td><br>  <strong>Mgr. Lenka Chrtkov\u00e1<\/strong><br>  p\u00ed. Lenka Hospodkov\u00e1<\/td><td><br><strong>731 582 421<\/strong><br><br><br><\/td><td class=\"has-text-align-left\" data-align=\"left\">spc.tu@centrum.cz<br><a href=\"mailto:chrtkova@msspctu.cz\">chrtkova@msspctu.cz<\/a><br><a href=\"mailto:chrtkova@msspctu.cz\">hospodkova@msspctu.cz<\/a><br><\/td><\/tr><tr><td class=\"has-text-align-center\" data-align=\"center\"><\/td><td class=\"has-text-align-left\" data-align=\"left\">\u0158editelka M\u0160 a SPC <\/td><td>  Mgr. Daniela Kran\u00e1tov\u00e1 <\/td><td> 724 885 932 <\/td><td class=\"has-text-align-left\" data-align=\"left\"> <a href=\"mailto:sms.trutnov@volny.cz\" data-type=\"mailto\" data-id=\"mailto:sms.trutnov@volny.cz\">sms.trutnov@volny.cz<\/a> <\/td><\/tr><tr><td class=\"has-text-align-center\" data-align=\"center\"><\/td><td class=\"has-text-align-left\" data-align=\"left\"><strong>Vedouc\u00ed pracovn\u00edk SPC<\/strong><br>Speci\u00e1ln\u00ed pedagog<\/td><td><strong> Bc. Martina \u017devairovsk\u00e1<\/strong><\/td><td> <strong>702 164 560 <\/strong><\/td><td class=\"has-text-align-left\" data-align=\"left\"> <a href=\"mailto:novotna@msspctu.cz\">zevairovska@msspctu.cz<\/a> <\/td><\/tr><tr><td class=\"has-text-align-center\" data-align=\"center\"><\/td><td class=\"has-text-align-left\" data-align=\"left\">Psycholog<\/td><td> Mgr. Michaela Novotn\u00e1<\/td><td> <\/td><td class=\"has-text-align-left\" data-align=\"left\"><a href=\"mailto:folcova@msspctu.cz\">novotna@msspctu.cz<\/a><\/td><\/tr><tr><td class=\"has-text-align-center\" data-align=\"center\"><\/td><td class=\"has-text-align-left\" data-align=\"left\">Speci\u00e1ln\u00ed pedagog <br><\/td><td> Mgr. \u0160\u00e1rka Folcov\u00e1 <\/td><td> 731 582 533 <\/td><td class=\"has-text-align-left\" data-align=\"left\"><a href=\"mailto:folcova@msspctu.cz\">folcova@msspctu.cz<\/a><\/td><\/tr><tr><td class=\"has-text-align-center\" data-align=\"center\"><\/td><td class=\"has-text-align-left\" data-align=\"left\"> Speci\u00e1ln\u00ed pedagog<br><\/td><td> Mgr. Petra Nov\u00e1kov\u00e1<\/td><td> 702 163 594<\/td><td class=\"has-text-align-left\" data-align=\"left\"><a href=\"mailto:folcova@msspctu.cz\">novakova@msspctu.cz<\/a><\/td><\/tr><tr><td class=\"has-text-align-center\" data-align=\"center\"><\/td><td class=\"has-text-align-left\" data-align=\"left\">Speci\u00e1ln\u00ed pedagog<\/td><td>Mgr. Veronika Blechtov\u00e1<\/td><td>601 090 599<\/td><td class=\"has-text-align-left\" data-align=\"left\"><a href=\"mailto:folcova@msspctu.cz\">blechtova@msspctu.cz<\/a><\/td><\/tr><tr><td class=\"has-text-align-center\" data-align=\"center\"><\/td><td class=\"has-text-align-left\" data-align=\"left\">Speci\u00e1ln\u00ed pedagog<\/td><td>Mgr. Kate\u0159ina Jav\u016frkov\u00e1<\/td><td> 727 812 911<\/td><td class=\"has-text-align-left\" data-align=\"left\"><a href=\"mailto:stemberkova@msspctu.cz\">javurkova@msspctu.cz<\/a><\/td><\/tr><tr><td class=\"has-text-align-center\" data-align=\"center\"><\/td><td class=\"has-text-align-left\" data-align=\"left\">Psycholog<\/td><td>Mgr. Martina Hesov\u00e1<\/td><td> <\/td><td class=\"has-text-align-left\" data-align=\"left\"><a href=\"mailto:stemberkova@msspctu.cz\">hesova@msspctu.cz<\/a><\/td><\/tr><tr><td class=\"has-text-align-center\" data-align=\"center\"><\/td><td class=\"has-text-align-left\" data-align=\"left\">Speci\u00e1ln\u00ed pedagog<br><\/td><td>Mgr. Andrea Teichmanov\u00e1<\/td><td>      <\/td><td class=\"has-text-align-left\" data-align=\"left\"><a href=\"mailto:stemberkova@msspctu.cz\">teichmanova@msspctu.cz<\/a><\/td><\/tr><tr><td class=\"has-text-align-center\" data-align=\"center\"><\/td><td class=\"has-text-align-left\" data-align=\"left\">Speci\u00e1ln\u00ed pedagog<br><\/td><td>Bc. Eli\u0161ka Cutychov\u00e1   <\/td><td> <\/td><td class=\"has-text-align-left\" data-align=\"left\">mate\u0159sk\u00e1 dovolen\u00e1<\/td><\/tr><tr><td class=\"has-text-align-center\" data-align=\"center\"><\/td><td class=\"has-text-align-left\" data-align=\"left\">Speci\u00e1ln\u00ed pedagog<br><\/td><td>Mgr. Barbora \u0160temberkov\u00e1<\/td><td><\/td><td class=\"has-text-align-left\" data-align=\"left\">mate\u0159sk\u00e1 dovolen\u00e1<\/td><\/tr><tr><td class=\"has-text-align-center\" data-align=\"center\"><\/td><td class=\"has-text-align-left\" data-align=\"left\">Speci\u00e1ln\u00ed pedagog<\/td><td>Mgr. Jana Pokor\u00e1kov\u00e1<\/td><td>  <\/td><td class=\"has-text-align-left\" data-align=\"left\">mate\u0159sk\u00e1 dovolen\u00e1<\/td><\/tr><\/tbody><\/table><\/figure>\n\n\n\n<p class=\"has-text-align-center\">Dal\u0161\u00ed informace o organizaci:<\/p>\n\n\n\n<p class=\"has-text-align-center\">Speci\u00e1ln\u011b pedagogick\u00e9 centrum Trutnov funguje p\u0159i <em><strong><a href=\"http:\/\/www.msspctu.cz\/index.php\" target=\"_blank\" rel=\"noreferrer noopener\">Mate\u0159sk\u00e9 \u0161kole, Trutnov, Na Struze 124<\/a><\/strong><\/em>.<br>Z\u0159izovatelem je<span class=\"has-inline-color has-black-color\"> <\/span>Kr\u00e1lov\u00e9hradeck\u00fd kraj, Pivovarsk\u00e9 n\u00e1m\u011bst\u00ed 1245, 500 03 Hradec Kr\u00e1lov\u00e9.<\/p>\n","protected":false},"excerpt":{"rendered":"<p>Speci\u00e1ln\u011b pedagogick\u00e9 centrum (SPC)L\u00edpov\u00e1 223, 541 01 Trutnov Datov\u00e1 schr\u00e1nka: tvwgi6h E-mail: spc.tu@centrum.cz Provozn\u00ed doba SPC pro objedn\u00e1vky a dotazy &hellip; <\/p>\n","protected":false},"author":1,"featured_media":0,"parent":0,"menu_order":0,"comment_status":"closed","ping_status":"closed","template":"","meta":{"_jet_sm_ready_style":"","_jet_sm_style":"","_jet_sm_controls_values":"","_jet_sm_fonts_collection":"","_jet_sm_fonts_links":""},"_links":{"self":[{"href":"http:\/\/spc.msspctu.cz\/wordpress\/wp-json\/wp\/v2\/pages\/34"}],"collection":[{"href":"http:\/\/spc.msspctu.cz\/wordpress\/wp-json\/wp\/v2\/pages"}],"about":[{"href":"http:\/\/spc.msspctu.cz\/wordpress\/wp-json\/wp\/v2\/types\/page"}],"author":[{"embeddable":true,"href":"http:\/\/spc.msspctu.cz\/wordpress\/wp-json\/wp\/v2\/users\/1"}],"replies":[{"embeddable":true,"href":"http:\/\/spc.msspctu.cz\/wordpress\/wp-json\/wp\/v2\/comments?post=34"}],"version-history":[{"count":75,"href":"http:\/\/spc.msspctu.cz\/wordpress\/wp-json\/wp\/v2\/pages\/34\/revisions"}],"predecessor-version":[{"id":1454,"href":"http:\/\/spc.msspctu.cz\/wordpress\/wp-json\/wp\/v2\/pages\/34\/revisions\/1454"}],"wp:attachment":[{"href":"http:\/\/spc.msspctu.cz\/wordpress\/wp-json\/wp\/v2\/media?parent=34"}],"curies":[{"name":"wp","href":"https:\/\/api.w.org\/{rel}","templated":true}]}}