{"id":35,"date":"2021-02-06T11:52:07","date_gmt":"2021-02-06T10:52:07","guid":{"rendered":"http:\/\/192.168.1.240\/wordpress\/?page_id=35"},"modified":"2025-05-21T09:06:21","modified_gmt":"2025-05-21T07:06:21","slug":"dokumenty-ke-stazeni","status":"publish","type":"page","link":"http:\/\/spc.msspctu.cz\/wordpress\/dokumenty-ke-stazeni\/","title":{"rendered":"Dokumenty ke sta\u017een\u00ed"},"content":{"rendered":"\n<div class=\"wp-block-columns\">\n<div class=\"wp-block-column\">\n<p><strong>Pro z\u00e1konn\u00e9 z\u00e1stupce<\/strong><\/p>\n\n\n\n<div class=\"wp-block-file\"><a href=\"http:\/\/spc.msspctu.cz\/wordpress\/wp-content\/uploads\/2022\/07\/INFORMOVANE-SOUHLASY-PRED_PO_VYSETRENI-1.pdf\">Informovan\u00fd souhlas<\/a><a href=\"http:\/\/spc.msspctu.cz\/wordpress\/wp-content\/uploads\/2022\/07\/INFORMOVANE-SOUHLASY-PRED_PO_VYSETRENI-1.pdf\" class=\"wp-block-file__button\" download>St\u00e1hnout<\/a><\/div>\n\n\n\n<div class=\"wp-block-file\"><a href=\"http:\/\/spc.msspctu.cz\/wordpress\/wp-content\/uploads\/2022\/07\/Souhlas-k-predavani-osobnich-informaci-1.pdf\">Souhlas k p\u0159ed\u00e1v\u00e1n\u00ed osobn\u00edch informac\u00ed<\/a><a href=\"http:\/\/spc.msspctu.cz\/wordpress\/wp-content\/uploads\/2022\/07\/Souhlas-k-predavani-osobnich-informaci-1.pdf\" class=\"wp-block-file__button\" download>St\u00e1hnout<\/a><\/div>\n\n\n\n<div class=\"wp-block-file\"><a href=\"http:\/\/spc.msspctu.cz\/wordpress\/wp-content\/uploads\/2022\/07\/Plna-moc-poverena-osoba.pdf\">Pln\u00e1 moc k p\u0159evzet\u00ed (pov\u011b\u0159en\u00e1 osoba)<\/a><a href=\"http:\/\/spc.msspctu.cz\/wordpress\/wp-content\/uploads\/2022\/07\/Plna-moc-poverena-osoba.pdf\" class=\"wp-block-file__button\" download>St\u00e1hnout<\/a><\/div>\n\n\n\n<div class=\"wp-block-file\"><a href=\"http:\/\/spc.msspctu.cz\/wordpress\/wp-content\/uploads\/2022\/07\/Zadost-z.z.-o-prevod-do-SPC.pdf\">\u017d\u00e1dost o p\u0159evod do SPC<\/a><a href=\"http:\/\/spc.msspctu.cz\/wordpress\/wp-content\/uploads\/2022\/07\/Zadost-z.z.-o-prevod-do-SPC.pdf\" class=\"wp-block-file__button\" download>St\u00e1hnout<\/a><\/div>\n\n\n\n<div class=\"wp-block-file\"><a href=\"http:\/\/spc.msspctu.cz\/wordpress\/wp-content\/uploads\/2022\/07\/Zadost-z.-z.-o-prevod-z-SPC.pdf\">\u017d\u00e1dost o p\u0159evod z SPC<\/a><a href=\"http:\/\/spc.msspctu.cz\/wordpress\/wp-content\/uploads\/2022\/07\/Zadost-z.-z.-o-prevod-z-SPC.pdf\" class=\"wp-block-file__button\" download>St\u00e1hnout<\/a><\/div>\n\n\n\n<div class=\"wp-block-file\"><a href=\"http:\/\/spc.msspctu.cz\/wordpress\/wp-content\/uploads\/2022\/09\/Anamnesticky-dotaznik.pdf\">Anamnestick\u00fd dotazn\u00edk<\/a><a href=\"http:\/\/spc.msspctu.cz\/wordpress\/wp-content\/uploads\/2022\/09\/Anamnesticky-dotaznik.pdf\" class=\"wp-block-file__button\" download>St\u00e1hnout<\/a><\/div>\n\n\n\n<div class=\"wp-block-file\"><a href=\"http:\/\/spc.msspctu.cz\/wordpress\/wp-content\/uploads\/2025\/03\/Plna-moc-zastoupeni-na-vysetreni.docx\">Pln\u00e1 moc v zastoupen\u00ed na vy\u0161et\u0159en\u00ed<\/a><a href=\"http:\/\/spc.msspctu.cz\/wordpress\/wp-content\/uploads\/2025\/03\/Plna-moc-zastoupeni-na-vysetreni.docx\" class=\"wp-block-file__button\" download>St\u00e1hnout<\/a><\/div>\n<\/div>\n\n\n\n<div class=\"wp-block-column\">\n<p><strong>Pro \u0161kolsk\u00e1 za\u0159\u00edzen\u00ed<\/strong><\/p>\n\n\n\n<div class=\"wp-block-file\"><a href=\"http:\/\/spc.msspctu.cz\/wordpress\/wp-content\/uploads\/2025\/05\/Dotaznik-pro-MS-upr-1.docx\">Dotazn\u00edk pro M\u0160.docx<\/a><a href=\"http:\/\/spc.msspctu.cz\/wordpress\/wp-content\/uploads\/2025\/05\/Dotaznik-pro-MS-upr-1.docx\" class=\"wp-block-file__button\" download>St\u00e1hnout<\/a><\/div>\n\n\n\n<div class=\"wp-block-file\"><a href=\"http:\/\/spc.msspctu.cz\/wordpress\/wp-content\/uploads\/2025\/05\/Dotaznik-pro-MS-upr.pdf\">Dotazn\u00edk pro M\u0160.PDF<\/a><a href=\"http:\/\/spc.msspctu.cz\/wordpress\/wp-content\/uploads\/2025\/05\/Dotaznik-pro-MS-upr.pdf\" class=\"wp-block-file__button\" download>St\u00e1hnout<\/a><\/div>\n\n\n\n<div class=\"wp-block-file\"><a href=\"http:\/\/spc.msspctu.cz\/wordpress\/wp-content\/uploads\/2022\/09\/Dotaznik-pro-MS.docx\">Dotazn\u00edk pro M\u0160.docx<\/a><a href=\"http:\/\/spc.msspctu.cz\/wordpress\/wp-content\/uploads\/2022\/09\/Dotaznik-pro-MS.docx\" class=\"wp-block-file__button\" download>St\u00e1hnout<\/a><\/div>\n\n\n\n<div class=\"wp-block-file\"><a href=\"http:\/\/spc.msspctu.cz\/wordpress\/wp-content\/uploads\/2025\/02\/Dotaznik-pro-ZS.docx\">Dotazn\u00edk pro Z\u0160.docx<\/a><a href=\"http:\/\/spc.msspctu.cz\/wordpress\/wp-content\/uploads\/2025\/02\/Dotaznik-pro-ZS.docx\" class=\"wp-block-file__button\" download>St\u00e1hnout<\/a><\/div>\n\n\n\n<div class=\"wp-block-file\"><a href=\"http:\/\/spc.msspctu.cz\/wordpress\/wp-content\/uploads\/2025\/02\/Dotaznik-pro-ZS.pdf\">Dotazn\u00edk pro Z\u0160.PDF<\/a><a href=\"http:\/\/spc.msspctu.cz\/wordpress\/wp-content\/uploads\/2025\/02\/Dotaznik-pro-ZS.pdf\" class=\"wp-block-file__button\" download>St\u00e1hnout<\/a><\/div>\n\n\n\n<div class=\"wp-block-file\"><a href=\"http:\/\/spc.msspctu.cz\/wordpress\/wp-content\/uploads\/2022\/09\/Dotaznik-pro-SS.pdf\">Dotazn\u00edk pro S\u0160.PDF<\/a><a href=\"http:\/\/spc.msspctu.cz\/wordpress\/wp-content\/uploads\/2022\/09\/Dotaznik-pro-SS.pdf\" class=\"wp-block-file__button\" download>St\u00e1hnout<\/a><\/div>\n\n\n\n<div class=\"wp-block-file\"><a href=\"http:\/\/spc.msspctu.cz\/wordpress\/wp-content\/uploads\/2022\/09\/Dotaznik-pro-SS.docx\">Dotazn\u00edk pro S\u0160.docx<\/a><a href=\"http:\/\/spc.msspctu.cz\/wordpress\/wp-content\/uploads\/2022\/09\/Dotaznik-pro-SS.docx\" class=\"wp-block-file__button\" download>St\u00e1hnout<\/a><\/div>\n\n\n\n<div class=\"wp-block-file\"><a href=\"http:\/\/spc.msspctu.cz\/wordpress\/wp-content\/uploads\/2022\/07\/DOTAZNIK-PUP.pdf\">Dotazn\u00edk k uzp\u016fsoben\u00ed kon\u00e1n\u00ed MZ.PDF<\/a><a href=\"http:\/\/spc.msspctu.cz\/wordpress\/wp-content\/uploads\/2022\/07\/DOTAZNIK-PUP.pdf\" class=\"wp-block-file__button\" download>St\u00e1hnout<\/a><\/div>\n\n\n\n<div class=\"wp-block-file\"><a href=\"http:\/\/spc.msspctu.cz\/wordpress\/wp-content\/uploads\/2022\/07\/DOTAZNIK-PUP.docx\">Dotazn\u00edk k uzp\u016fsoben\u00ed kon\u00e1n\u00ed MZ.docx<\/a><a href=\"http:\/\/spc.msspctu.cz\/wordpress\/wp-content\/uploads\/2022\/07\/DOTAZNIK-PUP.docx\" class=\"wp-block-file__button\" download>St\u00e1hnout<\/a><\/div>\n\n\n\n<div class=\"wp-block-file\"><a href=\"http:\/\/spc.msspctu.cz\/wordpress\/wp-content\/uploads\/2022\/07\/Souhlas-zakonnych-zastupcu-s-depistazi-v-MS.pdf\">Souhlas z\u00e1konn\u00fdch z\u00e1stupc\u016f s depist\u00e1\u017e\u00ed v M\u0160.PDF<\/a><a href=\"http:\/\/spc.msspctu.cz\/wordpress\/wp-content\/uploads\/2022\/07\/Souhlas-zakonnych-zastupcu-s-depistazi-v-MS.pdf\" class=\"wp-block-file__button\" download>St\u00e1hnout<\/a><\/div>\n\n\n\n<div class=\"wp-block-file\"><a href=\"http:\/\/spc.msspctu.cz\/wordpress\/wp-content\/uploads\/2022\/07\/Souhlas-zakonnych-zastupcu-s-depistazi-v-MS.docx\">Souhlas z\u00e1konn\u00fdch z\u00e1stupc\u016f s depist\u00e1\u017e\u00ed v M\u0160.docx<\/a><a href=\"http:\/\/spc.msspctu.cz\/wordpress\/wp-content\/uploads\/2022\/07\/Souhlas-zakonnych-zastupcu-s-depistazi-v-MS.docx\" class=\"wp-block-file__button\" download>St\u00e1hnout<\/a><\/div>\n\n\n\n<div class=\"wp-block-file\"><a href=\"http:\/\/spc.msspctu.cz\/wordpress\/wp-content\/uploads\/2022\/07\/Plna-moc-poverene-zarizeni-1.docx\">Pln\u00e1 moc k p\u0159evzet\u00ed (pov\u011b\u0159en\u00e9 za\u0159\u00edzen\u00ed)<\/a><a href=\"http:\/\/spc.msspctu.cz\/wordpress\/wp-content\/uploads\/2022\/07\/Plna-moc-poverene-zarizeni-1.docx\" class=\"wp-block-file__button\" download>St\u00e1hnout<\/a><\/div>\n\n\n\n<div class=\"wp-block-file\"><a href=\"http:\/\/spc.msspctu.cz\/wordpress\/wp-content\/uploads\/2022\/10\/Vyhodnoceni-PO-bez-IVP.docx\">Vyhodnocen\u00ed PO &#8211; bez IVP<\/a><a href=\"http:\/\/spc.msspctu.cz\/wordpress\/wp-content\/uploads\/2022\/10\/Vyhodnoceni-PO-bez-IVP.docx\" class=\"wp-block-file__button\" download>St\u00e1hnout<\/a><\/div>\n\n\n\n<div class=\"wp-block-file\"><a href=\"http:\/\/spc.msspctu.cz\/wordpress\/wp-content\/uploads\/2022\/10\/Vyhodnoceni-PO-s-IVP.docx\">Vyhodnocen\u00ed PO &#8211; s IVP<\/a><a href=\"http:\/\/spc.msspctu.cz\/wordpress\/wp-content\/uploads\/2022\/10\/Vyhodnoceni-PO-s-IVP.docx\" class=\"wp-block-file__button\" download>St\u00e1hnout<\/a><\/div>\n\n\n\n<div class=\"wp-block-file\"><a href=\"http:\/\/spc.msspctu.cz\/wordpress\/wp-content\/uploads\/2022\/10\/Vyhodnoceni-PO-\u00a716-bez-IVP.docx\">Vyhodnocen\u00ed PO \u00a716 &#8211; bez IVP<\/a><a href=\"http:\/\/spc.msspctu.cz\/wordpress\/wp-content\/uploads\/2022\/10\/Vyhodnoceni-PO-\u00a716-bez-IVP.docx\" class=\"wp-block-file__button\" download>St\u00e1hnout<\/a><\/div>\n\n\n\n<div class=\"wp-block-file\"><a href=\"http:\/\/spc.msspctu.cz\/wordpress\/wp-content\/uploads\/2022\/10\/Vyhodnoceni-PO-\u00a716-s-IVP.docx\">Vyhodnocen\u00ed PO  \u00a716 &#8211; s IVP<\/a><a href=\"http:\/\/spc.msspctu.cz\/wordpress\/wp-content\/uploads\/2022\/10\/Vyhodnoceni-PO-\u00a716-s-IVP.docx\" class=\"wp-block-file__button\" download>St\u00e1hnout<\/a><\/div>\n<\/div>\n<\/div>\n\n\n\n<h2><\/h2>\n","protected":false},"excerpt":{"rendered":"<p>Pro z\u00e1konn\u00e9 z\u00e1stupce Pro \u0161kolsk\u00e1 za\u0159\u00edzen\u00ed<\/p>\n","protected":false},"author":1,"featured_media":0,"parent":0,"menu_order":0,"comment_status":"closed","ping_status":"closed","template":"","meta":{"_jet_sm_ready_style":"","_jet_sm_style":"","_jet_sm_controls_values":"","_jet_sm_fonts_collection":"","_jet_sm_fonts_links":""},"_links":{"self":[{"href":"http:\/\/spc.msspctu.cz\/wordpress\/wp-json\/wp\/v2\/pages\/35"}],"collection":[{"href":"http:\/\/spc.msspctu.cz\/wordpress\/wp-json\/wp\/v2\/pages"}],"about":[{"href":"http:\/\/spc.msspctu.cz\/wordpress\/wp-json\/wp\/v2\/types\/page"}],"author":[{"embeddable":true,"href":"http:\/\/spc.msspctu.cz\/wordpress\/wp-json\/wp\/v2\/users\/1"}],"replies":[{"embeddable":true,"href":"http:\/\/spc.msspctu.cz\/wordpress\/wp-json\/wp\/v2\/comments?post=35"}],"version-history":[{"count":54,"href":"http:\/\/spc.msspctu.cz\/wordpress\/wp-json\/wp\/v2\/pages\/35\/revisions"}],"predecessor-version":[{"id":1389,"href":"http:\/\/spc.msspctu.cz\/wordpress\/wp-json\/wp\/v2\/pages\/35\/revisions\/1389"}],"wp:attachment":[{"href":"http:\/\/spc.msspctu.cz\/wordpress\/wp-json\/wp\/v2\/media?parent=35"}],"curies":[{"name":"wp","href":"https:\/\/api.w.org\/{rel}","templated":true}]}}