{"id":447,"date":"2021-11-05T09:31:51","date_gmt":"2021-11-05T08:31:51","guid":{"rendered":"http:\/\/192.168.1.240\/wordpress\/?page_id=447"},"modified":"2022-07-08T16:04:30","modified_gmt":"2022-07-08T14:04:30","slug":"co-si-vzit-na-vysetreni-s-sebou","status":"publish","type":"page","link":"http:\/\/spc.msspctu.cz\/wordpress\/co-si-vzit-na-vysetreni-s-sebou\/","title":{"rendered":"Co si vz\u00edt na vy\u0161et\u0159en\u00ed s sebou?"},"content":{"rendered":"\n<p>Pokud m\u00e1te k dispozici <strong>zpr\u00e1vy od odborn\u00edk\u016f<\/strong> (logoped, psycholog, psychiatr, neurolog atd.), p\u0159ineste je s sebou na vy\u0161et\u0159en\u00ed.<\/p>\n\n\n\n<p>Nezapome\u0148te na sva\u010dinu a pit\u00ed, p\u0159\u00edpadn\u011b obl\u00edben\u00e9 hra\u010dky d\u00edt\u011bte.<\/p>\n\n\n\n<p>Pokud d\u00edt\u011b nav\u0161t\u011bvuje Z\u0160, vezm\u011bte s&nbsp;sebou pen\u00e1l a <strong>psac\u00ed pot\u0159eby<\/strong>, na kter\u00e9 je zvykl\u00e9. Pro lep\u0161\u00ed zhodnocen\u00ed v\u00fdukov\u00fdch obt\u00ed\u017e\u00ed doneste i <strong>\u0161koln\u00ed se\u0161ity<\/strong> (zejm\u00e9na \u010cJ, matematika, AJ). U d\u011bt\u00ed p\u0159ed\u0161koln\u00edho v\u011bku je mo\u017en\u00e9 p\u0159in\u00e9st obr\u00e1zky \u010di jin\u00e9 <strong>uk\u00e1zky pr\u00e1ce z&nbsp;M\u0160<\/strong>.<\/p>\n\n\n\n<p>Je-li d\u00edt\u011b v\u00a0p\u011bstounsk\u00e9 p\u00e9\u010di, p\u0159ineste s\u00a0sebou soudn\u00ed rozhodnut\u00ed o sv\u011b\u0159en\u00ed do p\u011bstounsk\u00e9 p\u00e9\u010de.<\/p>\n","protected":false},"excerpt":{"rendered":"<p>Pokud m\u00e1te k dispozici zpr\u00e1vy od odborn\u00edk\u016f (logoped, psycholog, psychiatr, neurolog atd.), p\u0159ineste je s sebou na vy\u0161et\u0159en\u00ed. Nezapome\u0148te na &hellip; <\/p>\n","protected":false},"author":1,"featured_media":0,"parent":0,"menu_order":0,"comment_status":"closed","ping_status":"closed","template":"","meta":{"_jet_sm_ready_style":"","_jet_sm_style":"","_jet_sm_controls_values":"","_jet_sm_fonts_collection":"","_jet_sm_fonts_links":""},"_links":{"self":[{"href":"http:\/\/spc.msspctu.cz\/wordpress\/wp-json\/wp\/v2\/pages\/447"}],"collection":[{"href":"http:\/\/spc.msspctu.cz\/wordpress\/wp-json\/wp\/v2\/pages"}],"about":[{"href":"http:\/\/spc.msspctu.cz\/wordpress\/wp-json\/wp\/v2\/types\/page"}],"author":[{"embeddable":true,"href":"http:\/\/spc.msspctu.cz\/wordpress\/wp-json\/wp\/v2\/users\/1"}],"replies":[{"embeddable":true,"href":"http:\/\/spc.msspctu.cz\/wordpress\/wp-json\/wp\/v2\/comments?post=447"}],"version-history":[{"count":5,"href":"http:\/\/spc.msspctu.cz\/wordpress\/wp-json\/wp\/v2\/pages\/447\/revisions"}],"predecessor-version":[{"id":865,"href":"http:\/\/spc.msspctu.cz\/wordpress\/wp-json\/wp\/v2\/pages\/447\/revisions\/865"}],"wp:attachment":[{"href":"http:\/\/spc.msspctu.cz\/wordpress\/wp-json\/wp\/v2\/media?parent=447"}],"curies":[{"name":"wp","href":"https:\/\/api.w.org\/{rel}","templated":true}]}}