{"id":538,"date":"2021-11-10T14:21:24","date_gmt":"2021-11-10T13:21:24","guid":{"rendered":"http:\/\/192.168.1.240\/wordpress\/?page_id=538"},"modified":"2021-12-09T13:44:38","modified_gmt":"2021-12-09T12:44:38","slug":"legislativa","status":"publish","type":"page","link":"http:\/\/spc.msspctu.cz\/wordpress\/legislativa\/","title":{"rendered":"Legislativa"},"content":{"rendered":"\n<p><strong>D\u016fle\u017eit\u00e9 z\u00e1kony<\/strong><\/p>\n\n\n\n<p><a rel=\"noreferrer noopener\" href=\"https:\/\/www.msmt.cz\/dokumenty-3\/skolsky-zakon\" target=\"_blank\">https:\/\/www.msmt.cz\/dokumenty-3\/skolsky-zakon<\/a><br><a rel=\"noreferrer noopener\" href=\"https:\/\/www.zakonyprolidi.cz\/cs\/2016-27\" target=\"_blank\">https:\/\/www.zakonyprolidi.cz\/cs\/2016-27<\/a><\/p>\n\n\n\n<p>Platn\u00fd z\u00e1kon, v\u0161echna na\u0159\u00edzen\u00ed, vyhl\u00e1\u0161ky atd. viz <a rel=\"noreferrer noopener\" href=\"https:\/\/www.msmt.cz\/ministerstvo\/urednik\" target=\"_blank\">https:\/\/www.msmt.cz\/ministerstvo\/urednik<\/a><\/p>\n\n\n\n<p><strong>Katalog podp\u016frn\u00fdch opat\u0159en\u00ed<\/strong><\/p>\n\n\n\n<p><a href=\"http:\/\/katalogpo.upol.cz\/\" target=\"_blank\" rel=\"noreferrer noopener\">http:\/\/katalogpo.upol.cz\/<\/a><\/p>\n\n\n\n<p><strong>P\u0159\u00edsp\u011bvek na p\u00e9\u010di<\/strong><\/p>\n\n\n\n<p><a href=\"https:\/\/www.mpsv.cz\/-\/prispevek-na-peci\" target=\"_blank\" rel=\"noreferrer noopener\">https:\/\/www.mpsv.cz\/-\/prispevek-na-peci<\/a><\/p>\n","protected":false},"excerpt":{"rendered":"<p>D\u016fle\u017eit\u00e9 z\u00e1kony https:\/\/www.msmt.cz\/dokumenty-3\/skolsky-zakonhttps:\/\/www.zakonyprolidi.cz\/cs\/2016-27 Platn\u00fd z\u00e1kon, v\u0161echna na\u0159\u00edzen\u00ed, vyhl\u00e1\u0161ky atd. viz https:\/\/www.msmt.cz\/ministerstvo\/urednik Katalog podp\u016frn\u00fdch opat\u0159en\u00ed http:\/\/katalogpo.upol.cz\/ P\u0159\u00edsp\u011bvek na p\u00e9\u010di https:\/\/www.mpsv.cz\/-\/prispevek-na-peci<\/p>\n","protected":false},"author":1,"featured_media":0,"parent":0,"menu_order":0,"comment_status":"closed","ping_status":"closed","template":"","meta":{"_jet_sm_ready_style":"","_jet_sm_style":"","_jet_sm_controls_values":"","_jet_sm_fonts_collection":"","_jet_sm_fonts_links":""},"_links":{"self":[{"href":"http:\/\/spc.msspctu.cz\/wordpress\/wp-json\/wp\/v2\/pages\/538"}],"collection":[{"href":"http:\/\/spc.msspctu.cz\/wordpress\/wp-json\/wp\/v2\/pages"}],"about":[{"href":"http:\/\/spc.msspctu.cz\/wordpress\/wp-json\/wp\/v2\/types\/page"}],"author":[{"embeddable":true,"href":"http:\/\/spc.msspctu.cz\/wordpress\/wp-json\/wp\/v2\/users\/1"}],"replies":[{"embeddable":true,"href":"http:\/\/spc.msspctu.cz\/wordpress\/wp-json\/wp\/v2\/comments?post=538"}],"version-history":[{"count":11,"href":"http:\/\/spc.msspctu.cz\/wordpress\/wp-json\/wp\/v2\/pages\/538\/revisions"}],"predecessor-version":[{"id":732,"href":"http:\/\/spc.msspctu.cz\/wordpress\/wp-json\/wp\/v2\/pages\/538\/revisions\/732"}],"wp:attachment":[{"href":"http:\/\/spc.msspctu.cz\/wordpress\/wp-json\/wp\/v2\/media?parent=538"}],"curies":[{"name":"wp","href":"https:\/\/api.w.org\/{rel}","templated":true}]}}