{"id":544,"date":"2021-11-10T15:25:14","date_gmt":"2021-11-10T14:25:14","guid":{"rendered":"http:\/\/192.168.1.240\/wordpress\/?page_id=544"},"modified":"2021-11-19T11:04:14","modified_gmt":"2021-11-19T10:04:14","slug":"dalsi-instituce","status":"publish","type":"page","link":"http:\/\/spc.msspctu.cz\/wordpress\/dalsi-instituce\/","title":{"rendered":"Dal\u0161\u00ed instituce"},"content":{"rendered":"\n<p><strong>Logopedie<\/strong><\/p>\n\n\n\n<p>KLINLOGOS s.r.o<\/p>\n\n\n\n<p><a href=\"https:\/\/klinlogos.business.site\/\" target=\"_blank\" rel=\"noreferrer noopener\">https:\/\/klinlogos.business.site\/<\/a><\/p>\n\n\n\n<p>LEREDA<\/p>\n\n\n\n<p><a rel=\"noreferrer noopener\" href=\"http:\/\/www.lereda.cz\/\" target=\"_blank\">http:\/\/www.lereda.cz\/<\/a><\/p>\n\n\n\n<p><span class=\"has-inline-color has-white-color\">Mezera<\/span><\/p>\n\n\n\n<p><strong>Klinick\u00e1 psychologie<\/strong><\/p>\n\n\n\n<p>Ordinace psychologa s.r.o <strong>+420 731 559 861<\/strong><\/p>\n\n\n\n<p>RIAPS (Dv\u016fr Kr\u00e1lov\u00e9 nad Labem)<\/p>\n\n\n\n<p><a href=\"https:\/\/www.riaps.cz\/ambulance\/psychologie-ordinacni-hodiny.html\" target=\"_blank\" rel=\"noreferrer noopener\">https:\/\/www.riaps.cz\/ambulance\/psychologie-ordinacni-hodiny.html<\/a><\/p>\n\n\n\n<p><span class=\"has-inline-color has-white-color\">Mezera<\/span><\/p>\n\n\n\n<p><strong>Ran\u00e1 p\u00e9\u010de<\/strong><\/p>\n\n\n\n<p>Ran\u00e1 p\u00e9\u010de, Vrchlab\u00ed<\/p>\n\n\n\n<p><a rel=\"noreferrer noopener\" href=\"https:\/\/vrchlabi.diakonie.cz\/nase-sluzby\/rana-pece\/\" target=\"_blank\">https:\/\/vrchlabi.diakonie.cz\/nase-sluzby\/rana-pece\/<\/a><\/p>\n\n\n\n<p>St\u0159edisko ran\u00e9 p\u00e9\u010de Slun\u00ed\u010dko (Charita HK)<\/p>\n\n\n\n<p><a href=\"https:\/\/www.charitahk.cz\/komu-a-jak-pomahame\/stredisko-rane-pece-slunicko\/\" target=\"_blank\" rel=\"noreferrer noopener\">https:\/\/www.charitahk.cz\/komu-a-jak-pomahame\/stredisko-rane-pece-slunicko\/<\/a><\/p>\n\n\n\n<p><span class=\"has-inline-color has-white-color\">Mezera<\/span><\/p>\n\n\n\n<p><strong>St\u0159ediska v\u00fdchovn\u00e9 p\u00e9\u010de<\/strong><\/p>\n\n\n\n<p>SVP Varianta Trutnov<\/p>\n\n\n\n<p><a href=\"https:\/\/www.svpvarianta.cz\/\" target=\"_blank\" rel=\"noreferrer noopener\">https:\/\/www.svpvarianta.cz\/<\/a><\/p>\n\n\n\n<p>SVP Podpora Hostinn\u00e9<\/p>\n\n\n\n<p><a href=\"https:\/\/www.vuhostinne.cz\/svp\/\" target=\"_blank\" rel=\"noreferrer noopener\">https:\/\/www.vuhostinne.cz\/svp\/<\/a><\/p>\n\n\n\n<p>SVP Kompas N\u00e1chod<\/p>\n\n\n\n<p><a rel=\"noreferrer noopener\" href=\"https:\/\/www.svpkompas.cz\/\" target=\"_blank\">https:\/\/www.svpkompas.cz\/<\/a><\/p>\n\n\n\n<p><span class=\"has-inline-color has-white-color\">Mezera<\/span><\/p>\n\n\n\n<p><strong>Pedagogicko-psychologick\u00e1 poradna Trutnov<\/strong><\/p>\n\n\n\n<p><a href=\"https:\/\/www.poradenstvikhk.cz\/ppp\/ppp-trutnov\/\" target=\"_blank\" rel=\"noreferrer noopener\">https:\/\/www.poradenstvikhk.cz\/ppp\/ppp-trutnov\/<\/a><\/p>\n\n\n\n<p><span class=\"has-inline-color has-white-color\">Mezera<\/span><\/p>\n\n\n\n<p><strong>Spolupracuj\u00edc\u00ed SPC<\/strong><\/p>\n\n\n\n<p>SPC p\u0159i Obchodn\u00ed akademii, odborn\u00e9 \u0161kole a praktick\u00e9 \u0161kole Olgy Havlov\u00e9, Jansk\u00e9 L\u00e1zn\u011b<\/p>\n\n\n\n<p><a href=\"https:\/\/www.oajl.cz\/spc\/\" target=\"_blank\" rel=\"noreferrer noopener\">https:\/\/www.oajl.cz\/spc\/<\/a><\/p>\n\n\n\n<p>SPC pro zrakov\u011b posti\u017een\u00e9 d\u011bti v Hradci Kr\u00e1lov\u00e9<\/p>\n\n\n\n<p><a href=\"https:\/\/www.spczphk.cz\/\" target=\"_blank\" rel=\"noreferrer noopener\">https:\/\/www.spczphk.cz\/<\/a><\/p>\n\n\n\n<p>SPC Duh\u00e1\u010dek Hradec Kr\u00e1lov\u00e9<\/p>\n\n\n\n<p><a href=\"https:\/\/neslhk.com\/specialne-pedagogicke-centrum\/\" target=\"_blank\" rel=\"noreferrer noopener\">https:\/\/neslhk.com\/specialne-pedagogicke-centrum\/<\/a><\/p>\n\n\n\n<p>SPC logopedick\u00e9 a surdopedick\u00e9 Liberec <\/p>\n\n\n\n<p><a href=\"https:\/\/www.spcliberec.cz\/\" target=\"_blank\" rel=\"noreferrer noopener\">https:\/\/www.spcliberec.cz\/<\/a><\/p>\n","protected":false},"excerpt":{"rendered":"<p>Logopedie KLINLOGOS s.r.o https:\/\/klinlogos.business.site\/ LEREDA http:\/\/www.lereda.cz\/ Mezera Klinick\u00e1 psychologie Ordinace psychologa s.r.o +420 731 559 861 RIAPS (Dv\u016fr Kr\u00e1lov\u00e9 nad &hellip; <\/p>\n","protected":false},"author":1,"featured_media":0,"parent":0,"menu_order":0,"comment_status":"closed","ping_status":"closed","template":"","meta":{"_jet_sm_ready_style":"","_jet_sm_style":"","_jet_sm_controls_values":"","_jet_sm_fonts_collection":"","_jet_sm_fonts_links":""},"_links":{"self":[{"href":"http:\/\/spc.msspctu.cz\/wordpress\/wp-json\/wp\/v2\/pages\/544"}],"collection":[{"href":"http:\/\/spc.msspctu.cz\/wordpress\/wp-json\/wp\/v2\/pages"}],"about":[{"href":"http:\/\/spc.msspctu.cz\/wordpress\/wp-json\/wp\/v2\/types\/page"}],"author":[{"embeddable":true,"href":"http:\/\/spc.msspctu.cz\/wordpress\/wp-json\/wp\/v2\/users\/1"}],"replies":[{"embeddable":true,"href":"http:\/\/spc.msspctu.cz\/wordpress\/wp-json\/wp\/v2\/comments?post=544"}],"version-history":[{"count":6,"href":"http:\/\/spc.msspctu.cz\/wordpress\/wp-json\/wp\/v2\/pages\/544\/revisions"}],"predecessor-version":[{"id":630,"href":"http:\/\/spc.msspctu.cz\/wordpress\/wp-json\/wp\/v2\/pages\/544\/revisions\/630"}],"wp:attachment":[{"href":"http:\/\/spc.msspctu.cz\/wordpress\/wp-json\/wp\/v2\/media?parent=544"}],"curies":[{"name":"wp","href":"https:\/\/api.w.org\/{rel}","templated":true}]}}