{"id":556,"date":"2021-11-11T14:43:45","date_gmt":"2021-11-11T13:43:45","guid":{"rendered":"http:\/\/192.168.1.240\/wordpress\/?page_id=556"},"modified":"2021-12-06T15:24:20","modified_gmt":"2021-12-06T14:24:20","slug":"pomucky","status":"publish","type":"page","link":"http:\/\/spc.msspctu.cz\/wordpress\/pomucky\/","title":{"rendered":"Pom\u016fcky"},"content":{"rendered":"\n<p>Inspiromat \u2013 podpora inkluze<\/p>\n\n\n\n<p><a rel=\"noreferrer noopener\" href=\"https:\/\/www.podporainkluze.cz\/\" target=\"_blank\">https:\/\/www.podporainkluze.cz\/<\/a><\/p>\n\n\n\n<p>Didaktick\u00e9 hra\u010dky a pom\u016fcky pro d\u011bti Z\u0160 a M\u0160<\/p>\n\n\n\n<p><a rel=\"noreferrer noopener\" href=\"http:\/\/www.didaktikashop.cz\/\" target=\"_blank\">http:\/\/www.didaktikashop.cz\/<\/a><\/p>\n\n\n\n<p>Dyscentrum &#8211; pom\u016fcky<\/p>\n\n\n\n<p><a rel=\"noreferrer noopener\" href=\"https:\/\/eshop.dyscentrum.org\/dyscentrum\/eshop\/2-1-POMUCKY\" target=\"_blank\">https:\/\/eshop.dyscentrum.org\/dyscentrum\/eshop\/2-1-POMUCKY<\/a><\/p>\n\n\n\n<p>Kidtown<\/p>\n\n\n\n<p><a href=\"https:\/\/www.kidtown.cz\/\" target=\"_blank\" rel=\"noreferrer noopener\">https:\/\/www.kidtown.cz\/<\/a><\/p>\n\n\n\n<p>Mamiee<\/p>\n\n\n\n<p><a href=\"https:\/\/www.mamiee.cz\/\" target=\"_blank\" rel=\"noreferrer noopener\">https:\/\/www.mamiee.cz\/<\/a><\/p>\n\n\n\n<p><span class=\"has-inline-color has-white-color\">Mezera<\/span><\/p>\n\n\n\n<p><strong>Softwarov\u00e9 programy<\/strong><\/p>\n\n\n\n<p>KamiNet<\/p>\n\n\n\n<p><a href=\"\/\/www.kaminet.cz\/\" target=\"_blank\" rel=\"noreferrer noopener\">ttp:\/\/www.kaminet.cz\/<\/a><\/p>\n\n\n\n<p>Mentio<\/p>\n\n\n\n<p><a rel=\"noreferrer noopener\" href=\"http:\/\/mentio.cz\/\" target=\"_blank\">http:\/\/mentio.cz\/<\/a><\/p>\n\n\n\n<p>Pancher<\/p>\n\n\n\n<p><a href=\"https:\/\/www.pachner.cz\/\" target=\"_blank\" rel=\"noreferrer noopener\">https:\/\/www.pachner.cz\/<\/a><\/p>\n\n\n\n<p>Tablexia<\/p>\n\n\n\n<p><a href=\"https:\/\/www.tablexia.cz\/cs\/\" target=\"_blank\" rel=\"noreferrer noopener\">https:\/\/www.tablexia.cz\/cs\/<\/a><\/p>\n\n\n\n<p>TERASOFT<\/p>\n\n\n\n<p><a href=\"http:\/\/www.terasoft.cz\/\" target=\"_blank\" rel=\"noreferrer noopener\">http:\/\/www.terasoft.cz\/<\/a><\/p>\n\n\n\n<p>V\u010delka<\/p>\n\n\n\n<p><a href=\"https:\/\/www.vcelka.cz\/\" target=\"_blank\" rel=\"noreferrer noopener\">https:\/\/www.vcelka.cz\/<\/a><\/p>\n\n\n\n<p><span class=\"has-inline-color has-white-color\">Mezera<\/span><\/p>\n\n\n\n<p><strong>Nakladatelstv\u00ed<\/strong><\/p>\n\n\n\n<p>Baobab<\/p>\n\n\n\n<p><a href=\"https:\/\/www.baobab-books.net\/\" target=\"_blank\" rel=\"noreferrer noopener\">https:\/\/www.baobab-books.net\/<\/a><\/p>\n\n\n\n<p>B\u011b\u017e\u00edli\u0161ka<\/p>\n\n\n\n<p><a href=\"https:\/\/www.beziliska.cz\/\" target=\"_blank\" rel=\"noreferrer noopener\">https:\/\/www.beziliska.cz\/<\/a><\/p>\n\n\n\n<p>Meander<\/p>\n\n\n\n<p><a href=\"https:\/\/www.meander.cz\/\" target=\"_blank\" rel=\"noreferrer noopener\">https:\/\/www.meander.cz\/<\/a><\/p>\n\n\n\n<p>Pasparta<\/p>\n\n\n\n<p><a href=\"http:\/\/www.pasparta.cz\/\" target=\"_blank\" rel=\"noreferrer noopener\">http:\/\/www.pasparta.cz\/<\/a><\/p>\n\n\n\n<p>Tobi\u00e1\u0161 \u2013 u\u010debnice<\/p>\n\n\n\n<p><a href=\"https:\/\/www.tobias-ucebnice.cz\/\" target=\"_blank\" rel=\"noreferrer noopener\">https:\/\/www.tobias-ucebnice.cz\/<\/a><\/p>\n","protected":false},"excerpt":{"rendered":"<p>Inspiromat \u2013 podpora inkluze https:\/\/www.podporainkluze.cz\/ Didaktick\u00e9 hra\u010dky a pom\u016fcky pro d\u011bti Z\u0160 a M\u0160 http:\/\/www.didaktikashop.cz\/ Dyscentrum &#8211; pom\u016fcky https:\/\/eshop.dyscentrum.org\/dyscentrum\/eshop\/2-1-POMUCKY Kidtown &hellip; <\/p>\n","protected":false},"author":1,"featured_media":0,"parent":0,"menu_order":0,"comment_status":"closed","ping_status":"closed","template":"","meta":{"_jet_sm_ready_style":"","_jet_sm_style":"","_jet_sm_controls_values":"","_jet_sm_fonts_collection":"","_jet_sm_fonts_links":""},"_links":{"self":[{"href":"http:\/\/spc.msspctu.cz\/wordpress\/wp-json\/wp\/v2\/pages\/556"}],"collection":[{"href":"http:\/\/spc.msspctu.cz\/wordpress\/wp-json\/wp\/v2\/pages"}],"about":[{"href":"http:\/\/spc.msspctu.cz\/wordpress\/wp-json\/wp\/v2\/types\/page"}],"author":[{"embeddable":true,"href":"http:\/\/spc.msspctu.cz\/wordpress\/wp-json\/wp\/v2\/users\/1"}],"replies":[{"embeddable":true,"href":"http:\/\/spc.msspctu.cz\/wordpress\/wp-json\/wp\/v2\/comments?post=556"}],"version-history":[{"count":5,"href":"http:\/\/spc.msspctu.cz\/wordpress\/wp-json\/wp\/v2\/pages\/556\/revisions"}],"predecessor-version":[{"id":712,"href":"http:\/\/spc.msspctu.cz\/wordpress\/wp-json\/wp\/v2\/pages\/556\/revisions\/712"}],"wp:attachment":[{"href":"http:\/\/spc.msspctu.cz\/wordpress\/wp-json\/wp\/v2\/media?parent=556"}],"curies":[{"name":"wp","href":"https:\/\/api.w.org\/{rel}","templated":true}]}}