{"id":77,"date":"2021-02-06T12:44:51","date_gmt":"2021-02-06T11:44:51","guid":{"rendered":"http:\/\/192.168.1.240\/wordpress\/?page_id=77"},"modified":"2025-09-23T09:21:30","modified_gmt":"2025-09-23T07:21:30","slug":"uvodni-stranka","status":"publish","type":"page","link":"http:\/\/spc.msspctu.cz\/wordpress\/","title":{"rendered":"SPC Trutnov"},"content":{"rendered":"\n<p class=\"has-text-align-center has-large-font-size\"><strong>V\u00edtejte na na\u0161ich str\u00e1nk\u00e1ch.<\/strong><\/p>\n\n\n\n<p><\/p>\n\n\n\n<figure class=\"wp-block-gallery columns-3 is-cropped\"><ul class=\"blocks-gallery-grid\"><li class=\"blocks-gallery-item\"><figure><img loading=\"lazy\" width=\"1024\" height=\"683\" src=\"http:\/\/spc.msspctu.cz\/wordpress\/wp-content\/uploads\/2021\/02\/IMG_5540-1024x683.jpg\" alt=\"\" data-id=\"113\" data-full-url=\"http:\/\/spc.msspctu.cz\/wordpress\/wp-content\/uploads\/2021\/02\/IMG_5540-scaled.jpg\" data-link=\"http:\/\/spc.msspctu.cz\/wordpress\/uvodni-stranka\/img_5540\/\" class=\"wp-image-113\" srcset=\"http:\/\/spc.msspctu.cz\/wordpress\/wp-content\/uploads\/2021\/02\/IMG_5540-1024x683.jpg 1024w, http:\/\/spc.msspctu.cz\/wordpress\/wp-content\/uploads\/2021\/02\/IMG_5540-300x200.jpg 300w, http:\/\/spc.msspctu.cz\/wordpress\/wp-content\/uploads\/2021\/02\/IMG_5540-768x512.jpg 768w, http:\/\/spc.msspctu.cz\/wordpress\/wp-content\/uploads\/2021\/02\/IMG_5540-1536x1024.jpg 1536w, http:\/\/spc.msspctu.cz\/wordpress\/wp-content\/uploads\/2021\/02\/IMG_5540-2048x1365.jpg 2048w\" sizes=\"(max-width: 1024px) 100vw, 1024px\" \/><figcaption class=\"blocks-gallery-item__caption\"><strong><a href=\"http:\/\/spc.msspctu.cz\/wordpress\/o-nas-2\/\"><span class=\"has-inline-color has-cyan-bluish-gray-color\">O N\u00c1S<\/span><\/a><\/strong><\/figcaption><\/figure><\/li><li class=\"blocks-gallery-item\"><figure><img loading=\"lazy\" width=\"1024\" height=\"683\" src=\"http:\/\/msstruha.hdinternet.cz\/wordpress\/wp-content\/uploads\/2021\/02\/IMG_5474-1024x683.jpg\" alt=\"\" data-id=\"63\" data-full-url=\"http:\/\/msstruha.hdinternet.cz\/wordpress\/wp-content\/uploads\/2021\/02\/IMG_5474-scaled.jpg\" data-link=\"http:\/\/msstruha.hdinternet.cz\/wordpress\/img_5474\/\" class=\"wp-image-63\" srcset=\"http:\/\/spc.msspctu.cz\/wordpress\/wp-content\/uploads\/2021\/02\/IMG_5474-1024x683.jpg 1024w, http:\/\/spc.msspctu.cz\/wordpress\/wp-content\/uploads\/2021\/02\/IMG_5474-300x200.jpg 300w, http:\/\/spc.msspctu.cz\/wordpress\/wp-content\/uploads\/2021\/02\/IMG_5474-768x512.jpg 768w, http:\/\/spc.msspctu.cz\/wordpress\/wp-content\/uploads\/2021\/02\/IMG_5474-1536x1024.jpg 1536w, http:\/\/spc.msspctu.cz\/wordpress\/wp-content\/uploads\/2021\/02\/IMG_5474-2048x1365.jpg 2048w\" sizes=\"(max-width: 1024px) 100vw, 1024px\" \/><figcaption class=\"blocks-gallery-item__caption\"><a href=\"http:\/\/spc.msspctu.cz\/wordpress\/nase-sluzby\/\"><strong><span class=\"has-inline-color has-cyan-bluish-gray-color\">NA\u0160E SLU\u017dBY<\/span><\/strong><\/a><\/figcaption><\/figure><\/li><li class=\"blocks-gallery-item\"><figure><img loading=\"lazy\" width=\"1024\" height=\"683\" src=\"http:\/\/msstruha.hdinternet.cz\/wordpress\/wp-content\/uploads\/2021\/02\/IMG_5524-1024x683.jpg\" alt=\"\" data-id=\"72\" data-full-url=\"http:\/\/msstruha.hdinternet.cz\/wordpress\/wp-content\/uploads\/2021\/02\/IMG_5524-scaled.jpg\" data-link=\"http:\/\/msstruha.hdinternet.cz\/wordpress\/img_5524\/\" class=\"wp-image-72\" srcset=\"http:\/\/spc.msspctu.cz\/wordpress\/wp-content\/uploads\/2021\/02\/IMG_5524-1024x683.jpg 1024w, http:\/\/spc.msspctu.cz\/wordpress\/wp-content\/uploads\/2021\/02\/IMG_5524-300x200.jpg 300w, http:\/\/spc.msspctu.cz\/wordpress\/wp-content\/uploads\/2021\/02\/IMG_5524-768x512.jpg 768w, http:\/\/spc.msspctu.cz\/wordpress\/wp-content\/uploads\/2021\/02\/IMG_5524-1536x1024.jpg 1536w, http:\/\/spc.msspctu.cz\/wordpress\/wp-content\/uploads\/2021\/02\/IMG_5524-2048x1365.jpg 2048w\" sizes=\"(max-width: 1024px) 100vw, 1024px\" \/><figcaption class=\"blocks-gallery-item__caption\"><strong><a href=\"http:\/\/spc.msspctu.cz\/wordpress\/objednani\/\"><span class=\"has-inline-color has-cyan-bluish-gray-color\">OBJEDN\u00c1N\u00cd<\/span><\/a><\/strong><\/figcaption><\/figure><\/li><\/ul><\/figure>\n\n\n\n<p class=\"has-text-align-center\"><strong><em><span class=\"has-inline-color has-white-color\">S&nbsp;\u00factou a respektem pom\u00e1h\u00e1me d\u011btem zajistit individu\u00e1ln\u00ed p\u0159\u00eds<\/span><\/em><\/strong><\/p>\n\n\n\n<p class=\"has-text-align-center\"><strong><em>Jsme speci\u00e1ln\u011b pedagogick\u00e9 centrum pro d\u011bti a \u017e\u00e1ky s ment\u00e1ln\u00edm posti\u017een\u00edm, poruchami autistick\u00e9ho spektra a se z\u00e1va\u017en\u00fdmi vadami \u0159e\u010di.<\/em><\/strong><\/p>\n\n\n\n<p class=\"has-text-align-center\"><strong><em>S&nbsp;\u00factou a respektem pom\u00e1h\u00e1me d\u011btem zajistit individu\u00e1ln\u00ed p\u0159\u00edstup v&nbsp;oblasti jejich vzd\u011bl\u00e1v\u00e1n\u00ed.<\/em><\/strong><\/p>\n\n\n\n<p class=\"has-text-align-center\"><span class=\"has-inline-color has-vivid-cyan-blue-color\"><strong>Pros\u00edme klienty, aby pro objedn\u00e1n\u00ed na vy\u0161et\u0159en\u00ed p\u0159ednostn\u011b<\/strong><\/span><strong> vyu\u017e\u00edvali<\/strong>&nbsp;<strong><a href=\"http:\/\/spc.msspctu.cz\/wordpress\/online-zadost-o-vysetreni-2\/\">online formul\u00e1\u0159 k objedn\u00e1n\u00ed<\/a><\/strong>.<\/p>\n\n\n\n<p class=\"has-text-align-center\">Obr\u00e1tit se na n\u00e1s m\u016f\u017eete ka\u017ed\u00fd pracovn\u00ed den na <strong>telefonn\u00edm \u010d\u00edsle<\/strong>:<\/p>\n\n\n\n<p class=\"has-text-align-center\">+420 731 582\u00a0421 v \u010dase od <strong>8.00 do 12.00.<\/strong> <\/p>\n\n\n\n<p class=\"has-text-align-center\">Kontaktovat n\u00e1s m\u016f\u017eete tak\u00e9 <strong>emailem<\/strong>: spc.tu@centrum.cz.<\/p>\n\n\n\n<div style=\"height:28px\" aria-hidden=\"true\" class=\"wp-block-spacer\"><\/div>\n\n\n\n<p class=\"has-text-align-center\"><\/p>\n","protected":false},"excerpt":{"rendered":"<p>V\u00edtejte na na\u0161ich str\u00e1nk\u00e1ch. S&nbsp;\u00factou a respektem pom\u00e1h\u00e1me d\u011btem zajistit individu\u00e1ln\u00ed p\u0159\u00eds Jsme speci\u00e1ln\u011b pedagogick\u00e9 centrum pro d\u011bti a \u017e\u00e1ky &hellip; <\/p>\n","protected":false},"author":1,"featured_media":0,"parent":0,"menu_order":0,"comment_status":"closed","ping_status":"closed","template":"template-home.php","meta":{"_jet_sm_ready_style":"","_jet_sm_style":"","_jet_sm_controls_values":"","_jet_sm_fonts_collection":"","_jet_sm_fonts_links":""},"_links":{"self":[{"href":"http:\/\/spc.msspctu.cz\/wordpress\/wp-json\/wp\/v2\/pages\/77"}],"collection":[{"href":"http:\/\/spc.msspctu.cz\/wordpress\/wp-json\/wp\/v2\/pages"}],"about":[{"href":"http:\/\/spc.msspctu.cz\/wordpress\/wp-json\/wp\/v2\/types\/page"}],"author":[{"embeddable":true,"href":"http:\/\/spc.msspctu.cz\/wordpress\/wp-json\/wp\/v2\/users\/1"}],"replies":[{"embeddable":true,"href":"http:\/\/spc.msspctu.cz\/wordpress\/wp-json\/wp\/v2\/comments?post=77"}],"version-history":[{"count":55,"href":"http:\/\/spc.msspctu.cz\/wordpress\/wp-json\/wp\/v2\/pages\/77\/revisions"}],"predecessor-version":[{"id":1425,"href":"http:\/\/spc.msspctu.cz\/wordpress\/wp-json\/wp\/v2\/pages\/77\/revisions\/1425"}],"wp:attachment":[{"href":"http:\/\/spc.msspctu.cz\/wordpress\/wp-json\/wp\/v2\/media?parent=77"}],"curies":[{"name":"wp","href":"https:\/\/api.w.org\/{rel}","templated":true}]}}