{"id":78,"date":"2021-02-06T12:44:51","date_gmt":"2021-02-06T11:44:51","guid":{"rendered":"http:\/\/192.168.1.240\/wordpress\/?page_id=78"},"modified":"2022-07-08T15:44:49","modified_gmt":"2022-07-08T13:44:49","slug":"kudy-k-nam","status":"publish","type":"page","link":"http:\/\/spc.msspctu.cz\/wordpress\/kudy-k-nam\/","title":{"rendered":"Kudy k n\u00e1m"},"content":{"rendered":"\n<div class=\"wp-block-group\"><div class=\"wp-block-group__inner-container\">\n<p class=\"has-text-align-center\"><span class=\"has-inline-color has-black-color\">Na\u0161e speci\u00e1ln\u011b pedagogick\u00e9 centrum naleznete ve <strong>2. pat\u0159e<\/strong> budovy Poradensk\u00e9ho a vzd\u011bl\u00e1vac\u00edho centra Kr\u00e1lov\u00e9hradeck\u00e9ho kraje p\u0159i PPP v\u00a0Trutnov\u011b na adrese: <strong>L\u00edpov\u00e1 223, Horn\u00ed P\u0159edm\u011bst\u00ed, Trutnov<\/strong><\/span> (po kliknut\u00ed na fotografii se V\u00e1m otev\u0159e mapa).<\/p>\n<\/div><\/div>\n\n\n\n<div class=\"wp-block-image\"><figure class=\"aligncenter size-large\"><a href=\"https:\/\/mapy.cz\/zakladni?x=15.9073162&amp;y=50.5594253&amp;z=17&amp;source=addr&amp;id=9366829&amp;ds=1\" target=\"_blank\" rel=\"https:\/\/mapy.cz\/zakladni?x=15.9084052&amp;y=50.5595667&amp;z=18&amp;source=addr&amp;id=9366829&amp;ds=1 noopener\"><img loading=\"lazy\" width=\"1024\" height=\"768\" src=\"http:\/\/spc.msspctu.cz\/wordpress\/wp-content\/uploads\/2022\/07\/image_50402561-1024x768.jpg\" alt=\"\" class=\"wp-image-854\" srcset=\"http:\/\/spc.msspctu.cz\/wordpress\/wp-content\/uploads\/2022\/07\/image_50402561-1024x768.jpg 1024w, http:\/\/spc.msspctu.cz\/wordpress\/wp-content\/uploads\/2022\/07\/image_50402561-300x225.jpg 300w, http:\/\/spc.msspctu.cz\/wordpress\/wp-content\/uploads\/2022\/07\/image_50402561-768x576.jpg 768w, http:\/\/spc.msspctu.cz\/wordpress\/wp-content\/uploads\/2022\/07\/image_50402561-1536x1152.jpg 1536w, http:\/\/spc.msspctu.cz\/wordpress\/wp-content\/uploads\/2022\/07\/image_50402561.jpg 1672w\" sizes=\"(max-width: 1024px) 100vw, 1024px\" \/><\/a><\/figure><\/div>\n\n\n\n<p class=\"has-text-align-center\"><strong>Speci\u00e1ln\u011b pedagogick\u00e9 centrum (SPC), L\u00edpov\u00e1 223, 541 01<\/strong> <strong>Trutnov<\/strong><\/p>\n\n\n\n<p><\/p>\n\n\n\n<p><strong>Parkov\u00e1n\u00ed<\/strong><\/p>\n\n\n\n<p>Parkovat lze p\u0159\u00edmo u budovy Poradensk\u00e9ho a vzd\u011bl\u00e1vac\u00edho centra. <\/p>\n\n\n\n<p>Z ulice K\u0159i\u017e\u00edkova odbo\u010dte do ulice L\u00edpov\u00e1. Pokra\u010dujte na konec t\u00e9to ulice, kde se nach\u00e1z\u00ed na\u0161e pracovi\u0161t\u011b (viz obr\u00e1zek n\u00ed\u017ee).<\/p>\n\n\n\n<figure class=\"wp-block-image size-large is-resized\"><img loading=\"lazy\" src=\"http:\/\/spc.msspctu.cz\/wordpress\/wp-content\/uploads\/2022\/04\/Parkovani.png\" alt=\"\" class=\"wp-image-800\" width=\"326\" height=\"401\" srcset=\"http:\/\/spc.msspctu.cz\/wordpress\/wp-content\/uploads\/2022\/04\/Parkovani.png 565w, http:\/\/spc.msspctu.cz\/wordpress\/wp-content\/uploads\/2022\/04\/Parkovani-244x300.png 244w\" sizes=\"(max-width: 326px) 100vw, 326px\" \/><\/figure>\n\n\n\n<p>P\u011b\u0161\u00ed cesta z autobusov\u00e9ho n\u00e1dra\u017e\u00ed (po kliknut\u00ed na obr\u00e1zek se V\u00e1m otev\u0159e mapa)<\/p>\n\n\n\n<figure class=\"wp-block-image size-large is-resized\"><a href=\"https:\/\/mapy.cz\/s\/jucujefuco\" target=\"_blank\" rel=\"https:\/\/mapy.cz\/s\/jucujefuco noopener\"><img loading=\"lazy\" src=\"http:\/\/spc.msspctu.cz\/wordpress\/wp-content\/uploads\/2022\/04\/Cesta-z-autobusoveho-nadrazi.jpg\" alt=\"\" class=\"wp-image-797\" width=\"317\" height=\"484\" srcset=\"http:\/\/spc.msspctu.cz\/wordpress\/wp-content\/uploads\/2022\/04\/Cesta-z-autobusoveho-nadrazi.jpg 603w, http:\/\/spc.msspctu.cz\/wordpress\/wp-content\/uploads\/2022\/04\/Cesta-z-autobusoveho-nadrazi-197x300.jpg 197w\" sizes=\"(max-width: 317px) 100vw, 317px\" \/><\/a><\/figure>\n\n\n\n<p>P\u011b\u0161\u00ed cesta z vlakov\u00e9ho n\u00e1dra\u017e\u00ed (po kliknut\u00ed na obr\u00e1zek se V\u00e1m otev\u0159e mapa)<\/p>\n\n\n\n<figure class=\"wp-block-image size-large is-resized\"><a href=\"https:\/\/mapy.cz\/s\/fagulurujo\" target=\"_blank\" rel=\"https:\/\/mapy.cz\/s\/fagulurujo noopener\"><img loading=\"lazy\" src=\"http:\/\/spc.msspctu.cz\/wordpress\/wp-content\/uploads\/2022\/04\/Cesta-z-vlakoveho-nadrazi.png\" alt=\"\" class=\"wp-image-799\" width=\"319\" height=\"480\" srcset=\"http:\/\/spc.msspctu.cz\/wordpress\/wp-content\/uploads\/2022\/04\/Cesta-z-vlakoveho-nadrazi.png 405w, http:\/\/spc.msspctu.cz\/wordpress\/wp-content\/uploads\/2022\/04\/Cesta-z-vlakoveho-nadrazi-200x300.png 200w\" sizes=\"(max-width: 319px) 100vw, 319px\" \/><\/a><\/figure>\n","protected":false},"excerpt":{"rendered":"<p>Speci\u00e1ln\u011b pedagogick\u00e9 centrum (SPC), L\u00edpov\u00e1 223, 541 01 Trutnov Parkov\u00e1n\u00ed Parkovat lze p\u0159\u00edmo u budovy Poradensk\u00e9ho a vzd\u011bl\u00e1vac\u00edho centra. Z &hellip; <\/p>\n","protected":false},"author":1,"featured_media":0,"parent":0,"menu_order":0,"comment_status":"closed","ping_status":"closed","template":"","meta":{"_jet_sm_ready_style":"","_jet_sm_style":"","_jet_sm_controls_values":"","_jet_sm_fonts_collection":"","_jet_sm_fonts_links":""},"_links":{"self":[{"href":"http:\/\/spc.msspctu.cz\/wordpress\/wp-json\/wp\/v2\/pages\/78"}],"collection":[{"href":"http:\/\/spc.msspctu.cz\/wordpress\/wp-json\/wp\/v2\/pages"}],"about":[{"href":"http:\/\/spc.msspctu.cz\/wordpress\/wp-json\/wp\/v2\/types\/page"}],"author":[{"embeddable":true,"href":"http:\/\/spc.msspctu.cz\/wordpress\/wp-json\/wp\/v2\/users\/1"}],"replies":[{"embeddable":true,"href":"http:\/\/spc.msspctu.cz\/wordpress\/wp-json\/wp\/v2\/comments?post=78"}],"version-history":[{"count":19,"href":"http:\/\/spc.msspctu.cz\/wordpress\/wp-json\/wp\/v2\/pages\/78\/revisions"}],"predecessor-version":[{"id":857,"href":"http:\/\/spc.msspctu.cz\/wordpress\/wp-json\/wp\/v2\/pages\/78\/revisions\/857"}],"wp:attachment":[{"href":"http:\/\/spc.msspctu.cz\/wordpress\/wp-json\/wp\/v2\/media?parent=78"}],"curies":[{"name":"wp","href":"https:\/\/api.w.org\/{rel}","templated":true}]}}