{"id":928,"date":"2022-09-29T13:09:35","date_gmt":"2022-09-29T11:09:35","guid":{"rendered":"http:\/\/spc.msspctu.cz\/wordpress\/?page_id=928"},"modified":"2023-03-09T08:43:43","modified_gmt":"2023-03-09T07:43:43","slug":"poradenstvi","status":"publish","type":"page","link":"http:\/\/spc.msspctu.cz\/wordpress\/poradenstvi\/","title":{"rendered":"Soci\u00e1ln\u00ed poradenstv\u00ed"},"content":{"rendered":"\n<div class=\"wp-block-image\"><figure class=\"alignleft size-large is-resized\"><img loading=\"lazy\" src=\"http:\/\/spc.msspctu.cz\/wordpress\/wp-content\/uploads\/2022\/09\/Poradenstvi-obrazek-2-1024x724.jpg\" alt=\"\" class=\"wp-image-945\" width=\"409\" height=\"289\" srcset=\"http:\/\/spc.msspctu.cz\/wordpress\/wp-content\/uploads\/2022\/09\/Poradenstvi-obrazek-2-1024x724.jpg 1024w, http:\/\/spc.msspctu.cz\/wordpress\/wp-content\/uploads\/2022\/09\/Poradenstvi-obrazek-2-300x212.jpg 300w, http:\/\/spc.msspctu.cz\/wordpress\/wp-content\/uploads\/2022\/09\/Poradenstvi-obrazek-2-768x543.jpg 768w, http:\/\/spc.msspctu.cz\/wordpress\/wp-content\/uploads\/2022\/09\/Poradenstvi-obrazek-2-1536x1086.jpg 1536w, http:\/\/spc.msspctu.cz\/wordpress\/wp-content\/uploads\/2022\/09\/Poradenstvi-obrazek-2-2048x1448.jpg 2048w\" sizes=\"(max-width: 409px) 100vw, 409px\" \/><\/figure><\/div>\n\n\n\n<p>S \u00factou a respektem pom\u00e1h\u00e1me \u0159e\u0161it <strong>nep\u0159\u00edzniv\u00e9 \u017eivotn\u00ed situace na\u0161ich klient\u016f<\/strong>. Nab\u00edz\u00edme pomoc a podporu v oblasti z\u00e1kladn\u00edho a odborn\u00e9ho soci\u00e1ln\u00edho poradenstv\u00ed.<\/p>\n\n\n\n<p>Pot\u0159ebujete-li se poradit, kontaktujte n\u00e1s na telefonn\u00edm \u010d\u00edsle: <strong>607 209 780<\/strong>, emailem: <strong>chrtkova@msspctu.cz<\/strong> nebo ambulantn\u011b na pracovi\u0161ti SPC.<\/p>\n\n\n\n<p>C\u00edlem poradenstv\u00ed je pomoci lidem <strong>zorientovat se<\/strong> v nep\u0159\u00edzniv\u00e9 situaci vych\u00e1zej\u00edc\u00ed ze stanoven\u00e9 diagn\u00f3zy i mimo ni, nal\u00e9zt<strong> vhodn\u00e9 \u0159e\u0161en\u00ed <\/strong>a poskytnout <strong>d\u016fle\u017eit\u00e9 informace<\/strong>. <\/p>\n\n\n\n<p><span class=\"has-inline-color has-white-color\">fff<\/span><\/p>\n\n\n\n<p><span class=\"has-inline-color has-white-color\">fff<\/span><\/p>\n\n\n\n<p>Provedeme V\u00e1s cel\u00fdm procesem \u0159e\u0161en\u00ed nep\u0159\u00edzniv\u00e9 \u017eivotn\u00ed situace, nap\u0159. v oblasti:<\/p>\n\n\n\n<ul><li>Soci\u00e1ln\u00edch d\u00e1vek a v\u00fdhod pro osoby se zdravotn\u00edm posti\u017een\u00edm<\/li><li>Soci\u00e1ln\u00edch slu\u017eeb<\/li><li>Pl\u00e1nov\u00e1n\u00ed p\u0159echodu ze \u0161koly do dosp\u011bl\u00e9ho \u017eivota (mo\u017enosti pracovn\u00edho uplatn\u011bn\u00ed, invalidn\u00ed d\u016fchody, sv\u00e9pr\u00e1vnost)<\/li><\/ul>\n\n\n\n<p>Je p\u0159irozen\u00e9, \u017ee na\u0161i klienti pot\u0159ebuj\u00ed pomoc a podporu a maj\u00ed n\u00e1rok na ur\u010dit\u00e9 v\u00fdhody a d\u00e1vky ze strany st\u00e1tu. To v\u0161echno p\u0159irozen\u011b vypl\u00fdv\u00e1 z&nbsp;diagn\u00f3zy na\u0161ich klient\u016f. Jak se ale vyznat v&nbsp;tom, na co v\u0161echno m\u00e1m n\u00e1rok? Jak\u00e9 formy soci\u00e1ln\u00edch slu\u017eeb mi pomohou? Na tyto ot\u00e1zky V\u00e1m v&nbsp;na\u0161em SPC r\u00e1di pom\u016f\u017eeme naj\u00edt odpov\u011b\u010f.<\/p>\n\n\n\n<p>Uv\u011bdomujeme si, jak n\u00e1ro\u010dn\u00fd pro \u010dlov\u011bka se zdravotn\u00edm znev\u00fdhodn\u011bn\u00edm m\u016f\u017ee b\u00fdt p\u0159echod do samostatn\u00e9ho \u017eivota a na trh pr\u00e1ce. Pom\u016f\u017eeme V\u00e1m zorientovat se i v t\u00e9to nelehk\u00e9 \u017eivotn\u00ed situaci.<\/p>\n","protected":false},"excerpt":{"rendered":"<p>S \u00factou a respektem pom\u00e1h\u00e1me \u0159e\u0161it nep\u0159\u00edzniv\u00e9 \u017eivotn\u00ed situace na\u0161ich klient\u016f. Nab\u00edz\u00edme pomoc a podporu v oblasti z\u00e1kladn\u00edho a odborn\u00e9ho &hellip; <\/p>\n","protected":false},"author":1,"featured_media":0,"parent":0,"menu_order":0,"comment_status":"closed","ping_status":"closed","template":"","meta":{"_jet_sm_ready_style":"","_jet_sm_style":"","_jet_sm_controls_values":"","_jet_sm_fonts_collection":"","_jet_sm_fonts_links":""},"_links":{"self":[{"href":"http:\/\/spc.msspctu.cz\/wordpress\/wp-json\/wp\/v2\/pages\/928"}],"collection":[{"href":"http:\/\/spc.msspctu.cz\/wordpress\/wp-json\/wp\/v2\/pages"}],"about":[{"href":"http:\/\/spc.msspctu.cz\/wordpress\/wp-json\/wp\/v2\/types\/page"}],"author":[{"embeddable":true,"href":"http:\/\/spc.msspctu.cz\/wordpress\/wp-json\/wp\/v2\/users\/1"}],"replies":[{"embeddable":true,"href":"http:\/\/spc.msspctu.cz\/wordpress\/wp-json\/wp\/v2\/comments?post=928"}],"version-history":[{"count":25,"href":"http:\/\/spc.msspctu.cz\/wordpress\/wp-json\/wp\/v2\/pages\/928\/revisions"}],"predecessor-version":[{"id":1166,"href":"http:\/\/spc.msspctu.cz\/wordpress\/wp-json\/wp\/v2\/pages\/928\/revisions\/1166"}],"wp:attachment":[{"href":"http:\/\/spc.msspctu.cz\/wordpress\/wp-json\/wp\/v2\/media?parent=928"}],"curies":[{"name":"wp","href":"https:\/\/api.w.org\/{rel}","templated":true}]}}